{"id":987,"date":"2018-09-29T08:14:09","date_gmt":"2018-09-29T06:14:09","guid":{"rendered":"http:\/\/eaudevigne.com\/wordpress\/?page_id=987"},"modified":"2023-11-12T21:19:53","modified_gmt":"2023-11-12T20:19:53","slug":"mentions-legales","status":"publish","type":"page","link":"https:\/\/eaudevigne.com\/wordpress\/mentions-legales\/","title":{"rendered":"Mentions L\u00e9gales"},"content":{"rendered":"<p><img loading=\"lazy\" decoding=\"async\" class=\"alignnone size-medium wp-image-19\" src=\"https:\/\/eaudevigne.com\/wordpress\/wp-content\/uploads\/2017\/05\/eau-de-vigne-logo-couleur-212x300.png\" alt=\"\" width=\"212\" height=\"300\" srcset=\"https:\/\/eaudevigne.com\/wordpress\/wp-content\/uploads\/2017\/05\/eau-de-vigne-logo-couleur-212x300.png 212w, https:\/\/eaudevigne.com\/wordpress\/wp-content\/uploads\/2017\/05\/eau-de-vigne-logo-couleur.png 595w\" sizes=\"auto, (max-width: 212px) 100vw, 212px\" \/><\/p>\n<p>103 Rue des Sablons, 78620 L\u2019Etang la ville<\/p>\n<p>Soci\u00e9t\u00e9 par actions simplifi\u00e9e unipersonnelle (SASU) &#8211; Capital de 5 000 \u20ac &#8211; SIRET: 82841291600011<\/p>\n","protected":false},"excerpt":{"rendered":"<p>103 Rue des Sablons, 78620 L\u2019Etang la ville Soci\u00e9t\u00e9 par actions simplifi\u00e9e unipersonnelle (SASU) &#8211; Capital de 5 000 \u20ac &#8211; SIRET: 82841291600011<\/p>\n","protected":false},"author":1,"featured_media":3444,"parent":0,"menu_order":0,"comment_status":"closed","ping_status":"closed","template":"","meta":{"footnotes":""},"class_list":["post-987","page","type-page","status-publish","has-post-thumbnail","hentry"],"_links":{"self":[{"href":"https:\/\/eaudevigne.com\/wordpress\/wp-json\/wp\/v2\/pages\/987","targetHints":{"allow":["GET"]}}],"collection":[{"href":"https:\/\/eaudevigne.com\/wordpress\/wp-json\/wp\/v2\/pages"}],"about":[{"href":"https:\/\/eaudevigne.com\/wordpress\/wp-json\/wp\/v2\/types\/page"}],"author":[{"embeddable":true,"href":"https:\/\/eaudevigne.com\/wordpress\/wp-json\/wp\/v2\/users\/1"}],"replies":[{"embeddable":true,"href":"https:\/\/eaudevigne.com\/wordpress\/wp-json\/wp\/v2\/comments?post=987"}],"version-history":[{"count":0,"href":"https:\/\/eaudevigne.com\/wordpress\/wp-json\/wp\/v2\/pages\/987\/revisions"}],"wp:featuredmedia":[{"embeddable":true,"href":"https:\/\/eaudevigne.com\/wordpress\/wp-json\/wp\/v2\/media\/3444"}],"wp:attachment":[{"href":"https:\/\/eaudevigne.com\/wordpress\/wp-json\/wp\/v2\/media?parent=987"}],"curies":[{"name":"wp","href":"https:\/\/api.w.org\/{rel}","templated":true}]}}