{"id":950,"date":"2018-09-25T09:37:17","date_gmt":"2018-09-25T07:37:17","guid":{"rendered":"http:\/\/eaudevigne.com\/wordpress\/?page_id=950"},"modified":"2023-11-13T00:39:23","modified_gmt":"2023-11-12T23:39:23","slug":"nous-aimons-2","status":"publish","type":"page","link":"https:\/\/eaudevigne.com\/wordpress\/nous-aimons-2\/","title":{"rendered":"Nous aimons"},"content":{"rendered":"<p><em>Ces initiatives inspirent &laquo;&nbsp;eau de vigne&nbsp;&raquo;<br \/>\n<\/em><\/p>\n<p>Vous recherchez des projets, des associations, des gens qui s&rsquo;impliquent pour la plan\u00e8te ? De nombreuses initiatives sont en cours au niveau local, national et mondial.<\/p>\n<p><em><strong>&laquo;&nbsp;eau de vigne&nbsp;&raquo;<\/strong> vous a s\u00e9lectionn\u00e9 ci dessous quelques initiatives particuli\u00e8rement int\u00e9ressantes.<br \/>\n<\/em><\/p>\n<p><img loading=\"lazy\" decoding=\"async\" class=\"alignleft size-thumbnail wp-image-3450\" src=\"https:\/\/eaudevigne.com\/wordpress\/wp-content\/uploads\/2023\/11\/tf-150x61.png\" alt=\"\" width=\"150\" height=\"61\" \/><\/p>\n<p id=\"description\" class=\"apidae-description-courte bg-white\"><strong><a href=\"https:\/\/www.letempsdessavoirfaire.com\/\">Le Temps des Savoir-Faire<\/a> est une entreprise dont l\u2019objectif est de revaloriser l\u2019environnement naturel et sauvage qui nous entoure \u00e0 travers l\u2019apprentissage de savoir-faire \u00e9cologiques.<\/strong><\/p>\n<div class=\"apidae-description-detaillee bg-white\">En toute saison, ils proposent des sorties et ateliers de savoir-faire dans les espaces naturels d\u2019\u00cele-de-France pour apprendre \u00e0 interagir en harmonie avec la nature locale.<\/p>\n<p>Sculpter une cuill\u00e8re en bois, conna\u00eetre les plantes sauvages et leurs usages, s\u2019initier \u00e0 la poterie en pleine nature, fabriquer un panier en osier sauvage, concevoir un jardin en permaculture\u2026autant de savoir-faire qu&rsquo;ils transmettent avec une m\u00e9thode unique.<\/p>\n<\/div>\n<div><\/div>\n<div><img loading=\"lazy\" decoding=\"async\" class=\"alignleft size-full wp-image-3451\" src=\"https:\/\/eaudevigne.com\/wordpress\/wp-content\/uploads\/2023\/11\/qp.png\" alt=\"\" width=\"128\" height=\"111\" \/><\/div>\n<p><a href=\"https:\/\/www.lequaidespossibles.org\/\"><img decoding=\"async\" id=\"logo\" src=\"https:\/\/www.lequaidespossibles.org\/wp-content\/uploads\/2018\/02\/logo2.png\" alt=\"Le Quai des possibles\" data-height-percentage=\"100\" data-actual-width=\"123\" data-actual-height=\"116\" \/> :\u00a0<\/a> Un magnifique projet de co working autour du developpement durable sur Saint Germain en Laye : <a href=\"https:\/\/www.lequaidespossibles.org\/\">https:\/\/www.lequaidespossibles.org\/<\/a>. Adh\u00e9rez au plus vite et profitez de leur <a href=\"https:\/\/www.lequaidespossibles.org\/events\/event\/\">programmation<\/a> passionnante et cr\u00e9ative.<\/p>\n<p>Le r\u00e9seau des AMAPs Ile de France : <a href=\"http:\/\/www.amap-idf.org\/\">http:\/\/www.amap-idf.org\/<\/a><\/p>\n<p><img decoding=\"async\" src=\"https:\/\/seve.org\/wp-content\/themes\/theme-wordpress-seve-plateforme\/assets\/images\/accueil-seve-org\/logo-fondation-seve.png\" alt=\"Fondation SEVE\" \/><\/p>\n<p>Une fondation et une association dont l&rsquo;objectif est d&rsquo;a<span class=\"fontstyle0\">pprendre aux enfants, d\u00e8s le plus jeune \u00e2ge, <\/span><span class=\"fontstyle2\">\u00e0 raisonner par eux-m\u00eames<\/span><span class=\"fontstyle0\">, \u00e0 amadouer leurs \u00e9motions, \u00e0 d\u00e9velopper leur cr\u00e9ativit\u00e9, \u00e0 faire preuve d\u2019empathie, <\/span><span class=\"fontstyle2\">\u00e0 coop\u00e9rer <\/span><span class=\"fontstyle0\">avec des personnes de cultures diff\u00e9rentes et les pr\u00e9parer \u00e0 devenir <\/span><span class=\"fontstyle2\">des citoyens confiants, actifs et responsables.<br \/>\n<\/span><\/p>\n<p><iframe loading=\"lazy\" title=\"Pr\u00e9sentation Association SEVE\" width=\"525\" height=\"295\" src=\"https:\/\/www.youtube.com\/embed\/3oQuaNWKCiE?feature=oembed\" frameborder=\"0\" allow=\"accelerometer; autoplay; clipboard-write; encrypted-media; gyroscope; picture-in-picture; web-share\" referrerpolicy=\"strict-origin-when-cross-origin\" allowfullscreen><\/iframe><\/p>\n<p><a href=\"https:\/\/transiscope.org\/carte-des-alternatives\/#\/carte\/paris@48.825,2.595,11z?cat=all\"><img loading=\"lazy\" decoding=\"async\" class=\"alignnone size-medium wp-image-1064\" src=\"https:\/\/eaudevigne.com\/wordpress\/wp-content\/uploads\/2018\/10\/transiscope-300x67.jpg\" alt=\"\" width=\"300\" height=\"67\" \/><\/a><\/p>\n<p class=\"elementor-heading-title elementor-size-default\">Transiscope a pour objectif de mettre en lumi\u00e8re toutes les alternatives pour la transition en les affichant sur une carte unique, en collectant les donn\u00e9es d\u00e9j\u00e0 existantes.<\/p>\n","protected":false},"excerpt":{"rendered":"<p>Ces initiatives inspirent &laquo;&nbsp;eau de vigne&nbsp;&raquo; Vous recherchez des projets, des associations, des gens qui s&rsquo;impliquent pour la plan\u00e8te ? De nombreuses initiatives sont en cours au niveau local, national et mondial. &laquo;&nbsp;eau de vigne&nbsp;&raquo; vous a s\u00e9lectionn\u00e9 ci dessous quelques initiatives particuli\u00e8rement int\u00e9ressantes. Le Temps des Savoir-Faire est une entreprise dont l\u2019objectif est de &hellip; <\/p>\n<p class=\"link-more\"><a href=\"https:\/\/eaudevigne.com\/wordpress\/nous-aimons-2\/\" class=\"more-link\">Continuer la lecture<span class=\"screen-reader-text\"> de &laquo;&nbsp;Nous aimons&nbsp;&raquo;<\/span><\/a><\/p>\n","protected":false},"author":1,"featured_media":3371,"parent":0,"menu_order":0,"comment_status":"closed","ping_status":"closed","template":"","meta":{"footnotes":""},"class_list":["post-950","page","type-page","status-publish","has-post-thumbnail","hentry"],"_links":{"self":[{"href":"https:\/\/eaudevigne.com\/wordpress\/wp-json\/wp\/v2\/pages\/950","targetHints":{"allow":["GET"]}}],"collection":[{"href":"https:\/\/eaudevigne.com\/wordpress\/wp-json\/wp\/v2\/pages"}],"about":[{"href":"https:\/\/eaudevigne.com\/wordpress\/wp-json\/wp\/v2\/types\/page"}],"author":[{"embeddable":true,"href":"https:\/\/eaudevigne.com\/wordpress\/wp-json\/wp\/v2\/users\/1"}],"replies":[{"embeddable":true,"href":"https:\/\/eaudevigne.com\/wordpress\/wp-json\/wp\/v2\/comments?post=950"}],"version-history":[{"count":0,"href":"https:\/\/eaudevigne.com\/wordpress\/wp-json\/wp\/v2\/pages\/950\/revisions"}],"wp:featuredmedia":[{"embeddable":true,"href":"https:\/\/eaudevigne.com\/wordpress\/wp-json\/wp\/v2\/media\/3371"}],"wp:attachment":[{"href":"https:\/\/eaudevigne.com\/wordpress\/wp-json\/wp\/v2\/media?parent=950"}],"curies":[{"name":"wp","href":"https:\/\/api.w.org\/{rel}","templated":true}]}}