{"id":8,"date":"2017-05-19T10:21:43","date_gmt":"2017-05-19T08:21:43","guid":{"rendered":"http:\/\/eaudevigne.com\/wordpress\/?page_id=8"},"modified":"2022-11-22T15:27:34","modified_gmt":"2022-11-22T14:27:34","slug":"a-propos-de","status":"publish","type":"page","link":"https:\/\/eaudevigne.com\/wordpress\/a-propos-de\/","title":{"rendered":"\u00c0 propos de"},"content":{"rendered":"<p><span style=\"color: #439c92;\" data-darkreader-inline-color=\"\"><strong>eau de vigne<\/strong><\/span> est une entreprise dont le c\u0153ur de business est la d\u00e9gustation\u00a0 vente de vin en r\u00e9union sur des vins \u00e0 caract\u00e8re \u00e9cologique.<\/p>\n<p>Cr\u00e9e par Romain Miller en 2017, passionn\u00e9 de vin et occasionnellement titulaire de la certification internationale <a href=\"https:\/\/www.wsetglobal.com\/\"><strong>Wine and Spirit Education Trust<\/strong> <\/a>niveau 3.<\/p>\n<p><img loading=\"lazy\" decoding=\"async\" class=\"rg_i Q4LuWd\" src=\"https:\/\/encrypted-tbn0.gstatic.com\/images?q=tbn%3AANd9GcQPvJxktURDewXqziU4Kt14myWSfizIw412yw&amp;usqp=CAU\" alt=\"WSET-Level-3-certified | EatwithMe\u0130stanbul\" width=\"171\" height=\"66\" data-noaft=\"1\" \/><\/p>\n<p>\u00a0<\/p>\n<p>Romain a \u00e9galement travaill\u00e9 un an en 2001\u00a0 \u00e0 Auckland (Nouvelle Z\u00e9lande) en tant que responsable de cave du magasin Chateauneuf, ce qui lui a permis d&rsquo;enrichir sa connaissance des vins de France par celle des vins du\u00a0 monde et en particulier des pays Nouvelle Z\u00e9lande, Australie, Argentine, Chili, Afrique du Sud, Italie, Espagne.<\/p>\n<p>Aujourd&rsquo;hui Romain est engag\u00e9 dans de nombreuses causes associatives avec la volont\u00e9 de faire bouger les lignes sur le plan du climat et de la biodiversit\u00e9 :<\/p>\n<ul>\n<li>Administrateur du <a href=\"http:\/\/amap-idf.org\/\" target=\"_blank\" rel=\"noopener noreferrer\">r\u00e9seau des AMAP en IDF<\/a><\/li>\n<li>Pr\u00e9sident de l&rsquo;AMAP &laquo;&nbsp;<a href=\"http:\/\/letangauxpetitsoignons.org\" target=\"_blank\" rel=\"noopener noreferrer\">L&rsquo;etang aux petits oignons<\/a>&laquo;&nbsp;<\/li>\n<li>Animateur de <a href=\"http:\/\/fresqueduclimat.org\/\" target=\"_blank\" rel=\"noopener noreferrer\">la fresque du climat, atelier team building \/ scientifique pour comprendre le r\u00e9chauffement climatique<\/a><a href=\"http:\/\/fresqueduclimat.org\/\" target=\"_blank\" rel=\"noopener noreferrer\">, bas\u00e9 sur les rapports du GIEC<\/a><a href=\"http:\/\/fresqueduclimat.org\/\" target=\"_blank\" rel=\"noopener noreferrer\">. <\/a><a class=\"text-blue underline focus-visible\" contenteditable=\"false\" href=\"http:\/\/www.fresqueduclimat.org\" target=\"_blank\" rel=\"noreferrer noopener\">www.fresqueduclimat.org<\/a><\/li>\n<li>Animateur de <a href=\"http:\/\/fresqueduclimat.org\/\" target=\"_blank\" rel=\"noopener noreferrer\">la fresque de la biodiversit\u00e9,<\/a> atelier team building dont l&rsquo;objectif est la sensibilisation \u00e0 la perte en biodiversit\u00e9 sur Terre, bas\u00e9s sur les rapports de l&rsquo;Ipbes. <a class=\"text-blue underline focus-visible\" contenteditable=\"false\" href=\"https:\/\/www.fresquedelabiodiversite.org\/\" target=\"_blank\" rel=\"noreferrer noopener\">https:\/\/www.fresquedelabiodiversite.org\/<\/a><\/li>\n<li>Elu au conseil municipal de L&rsquo;Etang la ville, sur les sujets de transition \u00e9cologique et de d\u00e9veloppement \u00e9conomique<\/li>\n<\/ul>\n\n\n<p><\/p>\n","protected":false},"excerpt":{"rendered":"<p>eau de vigne est une entreprise dont le c\u0153ur de business est la d\u00e9gustation\u00a0 vente de vin en r\u00e9union sur des vins \u00e0 caract\u00e8re \u00e9cologique. Cr\u00e9e par Romain Miller en 2017, passionn\u00e9 de vin et occasionnellement titulaire de la certification internationale Wine and Spirit Education Trust niveau 3. \u00a0 Romain a \u00e9galement travaill\u00e9 un an &hellip; <\/p>\n<p class=\"link-more\"><a href=\"https:\/\/eaudevigne.com\/wordpress\/a-propos-de\/\" class=\"more-link\">Continuer la lecture<span class=\"screen-reader-text\"> de &laquo;&nbsp;\u00c0 propos de&nbsp;&raquo;<\/span><\/a><\/p>\n","protected":false},"author":1,"featured_media":689,"parent":0,"menu_order":0,"comment_status":"closed","ping_status":"closed","template":"","meta":{"footnotes":""},"class_list":["post-8","page","type-page","status-publish","has-post-thumbnail","hentry"],"_links":{"self":[{"href":"https:\/\/eaudevigne.com\/wordpress\/wp-json\/wp\/v2\/pages\/8","targetHints":{"allow":["GET"]}}],"collection":[{"href":"https:\/\/eaudevigne.com\/wordpress\/wp-json\/wp\/v2\/pages"}],"about":[{"href":"https:\/\/eaudevigne.com\/wordpress\/wp-json\/wp\/v2\/types\/page"}],"author":[{"embeddable":true,"href":"https:\/\/eaudevigne.com\/wordpress\/wp-json\/wp\/v2\/users\/1"}],"replies":[{"embeddable":true,"href":"https:\/\/eaudevigne.com\/wordpress\/wp-json\/wp\/v2\/comments?post=8"}],"version-history":[{"count":0,"href":"https:\/\/eaudevigne.com\/wordpress\/wp-json\/wp\/v2\/pages\/8\/revisions"}],"wp:featuredmedia":[{"embeddable":true,"href":"https:\/\/eaudevigne.com\/wordpress\/wp-json\/wp\/v2\/media\/689"}],"wp:attachment":[{"href":"https:\/\/eaudevigne.com\/wordpress\/wp-json\/wp\/v2\/media?parent=8"}],"curies":[{"name":"wp","href":"https:\/\/api.w.org\/{rel}","templated":true}]}}