{"id":605,"date":"2018-03-28T10:16:21","date_gmt":"2018-03-28T08:16:21","guid":{"rendered":"http:\/\/eaudevigne.com\/wordpress\/?page_id=605"},"modified":"2018-09-25T09:42:27","modified_gmt":"2018-09-25T07:42:27","slug":"nous-aimons","status":"publish","type":"page","link":"https:\/\/eaudevigne.com\/wordpress\/nous-aimons\/","title":{"rendered":"Nous soutenons"},"content":{"rendered":"<p><strong>MONSIEUR FINE BOUCHE<\/strong><\/p>\n<p>Pour vos accord avec vos belles bouteilles eau de vigne, nous vous recommandons les plats <i><a href=\"https:\/\/www.monsieurfinebouche.com\/\">Monsieur Fine Bouche<\/a> .<br \/>\n<\/i><\/p>\n<p><i>Les livraisons de repas sont r\u00e9alis\u00e9es sur St Germain en Laye, Mareil-Marly, Marly-le-Roi, Fourqueux, Chambourcy, Le Pecq, Le V\u00e9sinet, Chatou. Et au cas par cas, ils peuvent \u00e9galement r\u00e9pondre \u00e0 une demande sur une\u00a0 commune limitrophe (Versailles, Noisy le roi, etc.)<\/i><\/p>\n<p>C&rsquo;est bon, croyez en l<a href=\"https:\/\/www.google.fr\/maps\/place\/Monsieur+Fine+Bouche\/@48.8426206,1.8808875,10z\/data=!4m8!1m2!2m1!1sfine+bouche!3m4!1s0x47e688243cc6ee05:0x13fd936b8a957fc4!8m2!3d48.887698!4d2.093792\">es nombreux retours clients<\/a> de leurs services.<\/p>\n<p><i>Alors testez ce nouveau concept de livraison de plats faits maison et <\/i>b\u00e9n\u00e9ficiez de 10\u20ac de remise sur la premi\u00e8re commande en utilisant le\u00a0 code eaudevigne : <em><strong>eaudevigne<\/strong><\/em><\/p>\n","protected":false},"excerpt":{"rendered":"<p>MONSIEUR FINE BOUCHE Pour vos accord avec vos belles bouteilles eau de vigne, nous vous recommandons les plats Monsieur Fine Bouche . Les livraisons de repas sont r\u00e9alis\u00e9es sur St Germain en Laye, Mareil-Marly, Marly-le-Roi, Fourqueux, Chambourcy, Le Pecq, Le V\u00e9sinet, Chatou. Et au cas par cas, ils peuvent \u00e9galement r\u00e9pondre \u00e0 une demande sur &hellip; <\/p>\n<p class=\"link-more\"><a href=\"https:\/\/eaudevigne.com\/wordpress\/nous-aimons\/\" class=\"more-link\">Continuer la lecture<span class=\"screen-reader-text\"> de &laquo;&nbsp;Nous soutenons&nbsp;&raquo;<\/span><\/a><\/p>\n","protected":false},"author":1,"featured_media":0,"parent":0,"menu_order":0,"comment_status":"closed","ping_status":"closed","template":"","meta":{"footnotes":""},"class_list":["post-605","page","type-page","status-publish","hentry"],"_links":{"self":[{"href":"https:\/\/eaudevigne.com\/wordpress\/wp-json\/wp\/v2\/pages\/605","targetHints":{"allow":["GET"]}}],"collection":[{"href":"https:\/\/eaudevigne.com\/wordpress\/wp-json\/wp\/v2\/pages"}],"about":[{"href":"https:\/\/eaudevigne.com\/wordpress\/wp-json\/wp\/v2\/types\/page"}],"author":[{"embeddable":true,"href":"https:\/\/eaudevigne.com\/wordpress\/wp-json\/wp\/v2\/users\/1"}],"replies":[{"embeddable":true,"href":"https:\/\/eaudevigne.com\/wordpress\/wp-json\/wp\/v2\/comments?post=605"}],"version-history":[{"count":0,"href":"https:\/\/eaudevigne.com\/wordpress\/wp-json\/wp\/v2\/pages\/605\/revisions"}],"wp:attachment":[{"href":"https:\/\/eaudevigne.com\/wordpress\/wp-json\/wp\/v2\/media?parent=605"}],"curies":[{"name":"wp","href":"https:\/\/api.w.org\/{rel}","templated":true}]}}