{"id":3549,"date":"2025-10-29T15:22:56","date_gmt":"2025-10-29T14:22:56","guid":{"rendered":"https:\/\/eaudevigne.com\/wordpress\/?page_id=3549"},"modified":"2025-10-29T15:32:01","modified_gmt":"2025-10-29T14:32:01","slug":"histoire-du-vin","status":"publish","type":"page","link":"https:\/\/eaudevigne.com\/wordpress\/histoire-du-vin\/","title":{"rendered":"HISTOIRE DU VIN"},"content":{"rendered":"\n<h3 class=\"wp-block-heading\"><strong>Voyage ludique \u00e0 travers l\u2019Histoire du Vin<\/strong><\/h3>\n\n\n\n<p>Et si chaque verre racontait une \u00e9poque ?<br>Venez vivre une exp\u00e9rience unique o\u00f9 la d\u00e9gustation devient un v\u00e9ritable voyage dans le temps. Lors de cette soir\u00e9e interactive, nous m\u00ealons <strong>plaisir du vin<\/strong>, <strong>culture<\/strong>, et <strong>convivialit\u00e9<\/strong>, en explorant au choix  une des cinq \u00e9poques cl\u00e9s de l&rsquo;Histoire du vin:<\/p>\n\n\n\n<ul class=\"wp-block-list\"><li><strong>L\u2019Antiquit\u00e9<\/strong>, o\u00f9 naissent les premi\u00e8res vignes en M\u00e9sopotamie, en \u00c9gypte et \u00e0 Rome.<\/li><li><strong>Le Moyen \u00c2ge<\/strong>, p\u00e9riode des moines-vignerons et des grands monast\u00e8res viticoles.<\/li><li><strong>L&rsquo;Ere Moderne <\/strong>avec la Renaissance, \u00e2ge d\u2019or des d\u00e9couvertes et du raffinement des go\u00fbts.<\/li><li><strong>L&rsquo;Epoque contemporariane<\/strong> avec la R\u00e9volution industrielle, qui transforme durablement la production et la conservation du vin.<\/li><li><strong>La Mondialisation<\/strong>, marqu\u00e9e par les pratiques de viticulture et vinification modernes mais aussi le retour aux sources avec le bio et la la biodynamie.<\/li><\/ul>\n\n\n\n<figure class=\"wp-block-image size-large\"><img loading=\"lazy\" decoding=\"async\" width=\"1024\" height=\"763\" src=\"https:\/\/eaudevigne.com\/wordpress\/wp-content\/uploads\/2025\/10\/hdv-1-1024x763.jpg\" alt=\"\" class=\"wp-image-3552\" srcset=\"https:\/\/eaudevigne.com\/wordpress\/wp-content\/uploads\/2025\/10\/hdv-1-1024x763.jpg 1024w, https:\/\/eaudevigne.com\/wordpress\/wp-content\/uploads\/2025\/10\/hdv-1-300x223.jpg 300w, https:\/\/eaudevigne.com\/wordpress\/wp-content\/uploads\/2025\/10\/hdv-1-768x572.jpg 768w, https:\/\/eaudevigne.com\/wordpress\/wp-content\/uploads\/2025\/10\/hdv-1.jpg 1410w\" sizes=\"auto, (max-width: 767px) 89vw, (max-width: 1000px) 54vw, (max-width: 1071px) 543px, 580px\" \/><\/figure>\n\n\n\n<p>Tout au long de la soir\u00e9e, les participants alternent entre <strong>d\u00e9gustations comment\u00e9es<\/strong> et <strong>animations ludiques<\/strong>.<\/p>\n\n\n\n<p>Au-del\u00e0 de la d\u00e9gustation, c\u2019est un <strong>moment de partage et de curiosit\u00e9<\/strong>, o\u00f9 rires, d\u00e9couvertes et anecdotes \u00e9tonnantes se m\u00ealent dans une ambiance d\u00e9tendue.<br>L\u2019objectif : apprendre en s\u2019amusant, renforcer la coh\u00e9sion d\u2019un groupe et \u00e9veiller ses sens tout en revisitant 5000 ans d\u2019histoire du vin sur 5 grandes soir\u00e9es.<\/p>\n\n\n\n<p><a href=\"mailto:romain.miller@eaudevigne.com\" target=\"_blank\" rel=\"noreferrer noopener\">contact<\/a><\/p>\n","protected":false},"excerpt":{"rendered":"<p>Voyage ludique \u00e0 travers l\u2019Histoire du Vin Et si chaque verre racontait une \u00e9poque ?Venez vivre une exp\u00e9rience unique o\u00f9 la d\u00e9gustation devient un v\u00e9ritable voyage dans le temps. Lors de cette soir\u00e9e interactive, nous m\u00ealons plaisir du vin, culture, et convivialit\u00e9, en explorant au choix une des cinq \u00e9poques cl\u00e9s de l&rsquo;Histoire du vin: &hellip; <\/p>\n<p class=\"link-more\"><a href=\"https:\/\/eaudevigne.com\/wordpress\/histoire-du-vin\/\" class=\"more-link\">Continuer la lecture<span class=\"screen-reader-text\"> de &laquo;&nbsp;HISTOIRE DU VIN&nbsp;&raquo;<\/span><\/a><\/p>\n","protected":false},"author":1,"featured_media":3551,"parent":0,"menu_order":0,"comment_status":"closed","ping_status":"closed","template":"","meta":{"footnotes":""},"class_list":["post-3549","page","type-page","status-publish","has-post-thumbnail","hentry"],"_links":{"self":[{"href":"https:\/\/eaudevigne.com\/wordpress\/wp-json\/wp\/v2\/pages\/3549","targetHints":{"allow":["GET"]}}],"collection":[{"href":"https:\/\/eaudevigne.com\/wordpress\/wp-json\/wp\/v2\/pages"}],"about":[{"href":"https:\/\/eaudevigne.com\/wordpress\/wp-json\/wp\/v2\/types\/page"}],"author":[{"embeddable":true,"href":"https:\/\/eaudevigne.com\/wordpress\/wp-json\/wp\/v2\/users\/1"}],"replies":[{"embeddable":true,"href":"https:\/\/eaudevigne.com\/wordpress\/wp-json\/wp\/v2\/comments?post=3549"}],"version-history":[{"count":3,"href":"https:\/\/eaudevigne.com\/wordpress\/wp-json\/wp\/v2\/pages\/3549\/revisions"}],"predecessor-version":[{"id":3558,"href":"https:\/\/eaudevigne.com\/wordpress\/wp-json\/wp\/v2\/pages\/3549\/revisions\/3558"}],"wp:featuredmedia":[{"embeddable":true,"href":"https:\/\/eaudevigne.com\/wordpress\/wp-json\/wp\/v2\/media\/3551"}],"wp:attachment":[{"href":"https:\/\/eaudevigne.com\/wordpress\/wp-json\/wp\/v2\/media?parent=3549"}],"curies":[{"name":"wp","href":"https:\/\/api.w.org\/{rel}","templated":true}]}}