{"id":3275,"date":"2022-11-22T15:36:31","date_gmt":"2022-11-22T14:36:31","guid":{"rendered":"https:\/\/eaudevigne.com\/wordpress\/?page_id=3275"},"modified":"2023-11-09T20:09:33","modified_gmt":"2023-11-09T19:09:33","slug":"fresque-de-la-biodiversite-degustations","status":"publish","type":"page","link":"https:\/\/eaudevigne.com\/wordpress\/team-building\/fresque-de-la-biodiversite-degustations\/","title":{"rendered":"FRESQUE DE LA BIODIVERSITE"},"content":{"rendered":"\n<figure class=\"wp-block-image size-large\"><img loading=\"lazy\" decoding=\"async\" width=\"1024\" height=\"1024\" src=\"https:\/\/eaudevigne.com\/wordpress\/wp-content\/uploads\/2023\/11\/02v22-1024x1024.jpg\" alt=\"\" class=\"wp-image-3407\" srcset=\"https:\/\/eaudevigne.com\/wordpress\/wp-content\/uploads\/2023\/11\/02v22.jpg 1024w, https:\/\/eaudevigne.com\/wordpress\/wp-content\/uploads\/2023\/11\/02v22-300x300.jpg 300w, https:\/\/eaudevigne.com\/wordpress\/wp-content\/uploads\/2023\/11\/02v22-150x150.jpg 150w, https:\/\/eaudevigne.com\/wordpress\/wp-content\/uploads\/2023\/11\/02v22-768x768.jpg 768w, https:\/\/eaudevigne.com\/wordpress\/wp-content\/uploads\/2023\/11\/02v22-100x100.jpg 100w\" sizes=\"auto, (max-width: 767px) 89vw, (max-width: 1000px) 54vw, (max-width: 1071px) 543px, 580px\" \/><\/figure>\n\n\n\n<p> <strong>LA FRESQUE DE LA BIODIVERSITE EN BREF<\/strong> <\/p>\n\n\n\n<ul class=\"wp-block-list\"><li> En pr\u00e9sentiel ou \u00e0 distance<\/li><li>Par tables de 4 \u00e0 7 joueurs<\/li><li>Jeu participatif : coconstruisez la fresque de la biodiversit\u00e9, d\u00e9couvrez au travers d&rsquo;un atelier ludique et collaboratif l&rsquo;aspect syst\u00e9mique de l&rsquo;\u00e9rosion de la  biodiversit\u00e9 : ce qu\u2019elle est, ce qu\u2019elle permet et ce qui la d\u00e9grade. Ce jeu est bas\u00e9 sur les rapports de l&rsquo;IPBES. <\/li><li>comptez 3 heures, int\u00e9grant un debrief,<\/li><\/ul>\n\n\n\n<figure class=\"wp-block-image size-large is-resized\"><img loading=\"lazy\" decoding=\"async\" src=\"https:\/\/eaudevigne.com\/wordpress\/wp-content\/uploads\/2023\/01\/drapeaux.jpg\" alt=\"\" class=\"wp-image-3297\" width=\"139\" height=\"95\" srcset=\"https:\/\/eaudevigne.com\/wordpress\/wp-content\/uploads\/2023\/01\/drapeaux.jpg 332w, https:\/\/eaudevigne.com\/wordpress\/wp-content\/uploads\/2023\/01\/drapeaux-300x204.jpg 300w\" sizes=\"auto, (max-width: 139px) 100vw, 139px\" \/><figcaption>En fran\u00e7ais ou en anglais<\/figcaption><\/figure>\n\n\n\n<p><strong> LA FRESQUE DE LA BIODIVERSITE EN DETAIL<\/strong><\/p>\n\n\n\n<p>L&rsquo;objectif pour vous est la compr\u00e9hension d<strong>es enjeux et des pressions autour de la biodiversit\u00e9<\/strong>.<\/p>\n\n\n\n<p>Comment se d\u00e9roule la fresque :<\/p>\n\n\n\n<p>1\/ un  &laquo;&nbsp;Ap\u00e9ro&nbsp;&raquo; introductif avec 3 \u00e9cosyst\u00e8mes<\/p>\n\n\n\n<p> Recr\u00e9er un \u00e9cosyst\u00e8me et d\u00e9couvrir les impacts d\u2019une perturbation dans celui-ci. <\/p>\n\n\n\n<p>2\/  la phase de jeu<\/p>\n\n\n\n<p>Les participants r\u00e9partis par \u00e9quipe de 5-7 doivent retrouver les liens entre                 les 39 cartes pour comprendre ce qu\u2019est la Biodiversit\u00e9, ce qu\u2019elle apporte et ce qui la d\u00e9grade.  <\/p>\n\n\n\n<p>3\/  Une phase d&rsquo;appropriation<\/p>\n\n\n\n<p> Les participants d\u00e9corent et trouvent un titre \u00e0 leur Fresque afin de restituer leur travail  devant les autres \u00e9quipes.                <\/p>\n\n\n\n<p>4\/  Une phase de debrief et pistes d&rsquo;actions<\/p>\n\n\n\n<p> L&rsquo;objectif de la Fresque de la Biodiversit\u00e9 est de faire prendre conscience des d\u00e9pendances ou impacts  sur la Biodiversit\u00e9 que l\u2019on peut avoir, et de r\u00e9fl\u00e9chir de mani\u00e8re collective aux actions que l\u2019on  pourrait mettre en place pour sa pr\u00e9servation               <\/p>\n\n\n\n<p><\/p>\n\n\n\n<figure class=\"wp-block-embed is-type-video is-provider-youtube wp-block-embed-youtube wp-embed-aspect-16-9 wp-has-aspect-ratio\"><div class=\"wp-block-embed__wrapper\">\n<iframe loading=\"lazy\" title=\"D\u00e9couvrez la Fresque de la Biodiversit\u00e9\" width=\"525\" height=\"295\" src=\"https:\/\/www.youtube.com\/embed\/z9M8M25uX0I?feature=oembed\" frameborder=\"0\" allow=\"accelerometer; autoplay; clipboard-write; encrypted-media; gyroscope; picture-in-picture; web-share\" referrerpolicy=\"strict-origin-when-cross-origin\" allowfullscreen><\/iframe>\n<\/div><\/figure>\n\n\n\n<p><\/p>\n\n\n\n<p>10% du montant revers\u00e9 \u00e0 l&rsquo;association <a rel=\"noreferrer noopener\" aria-label=\"LA FRESQUE DU CLIMAT (opens in a new tab)\" href=\"http:\/\/fresqueduclimat.org\/\" target=\"_blank\">LA FRESQUE DE LA BIODIVERSITE<\/a><\/p>\n\n\n\n<hr class=\"wp-block-separator\"\/>\n\n\n\n<hr class=\"wp-block-separator\"\/>\n\n\n\n<hr class=\"wp-block-separator\"\/>\n\n\n\n<p>E<strong>N OPTION &#8211;  Terminez la journ\u00e9e par un atelier \u0153nologique <\/strong><\/p>\n\n\n\n<figure class=\"wp-block-image size-large\"><img loading=\"lazy\" decoding=\"async\" width=\"1024\" height=\"1024\" src=\"https:\/\/eaudevigne.com\/wordpress\/wp-content\/uploads\/2023\/11\/O2V23-1024x1024.jpg\" alt=\"\" class=\"wp-image-3410\" srcset=\"https:\/\/eaudevigne.com\/wordpress\/wp-content\/uploads\/2023\/11\/O2V23.jpg 1024w, https:\/\/eaudevigne.com\/wordpress\/wp-content\/uploads\/2023\/11\/O2V23-300x300.jpg 300w, https:\/\/eaudevigne.com\/wordpress\/wp-content\/uploads\/2023\/11\/O2V23-150x150.jpg 150w, https:\/\/eaudevigne.com\/wordpress\/wp-content\/uploads\/2023\/11\/O2V23-768x768.jpg 768w, https:\/\/eaudevigne.com\/wordpress\/wp-content\/uploads\/2023\/11\/O2V23-100x100.jpg 100w\" sizes=\"auto, (max-width: 767px) 89vw, (max-width: 1000px) 54vw, (max-width: 1071px) 543px, 580px\" \/><\/figure>\n\n\n\n<p>Les joueurs se retrouvent pour une d\u00e9gustation  \u00e0 l&rsquo;aveugle sur des vins \u00e0 caract\u00e8re \u00e9cologique. \u00c9galement possible \u00e0 distance, les joueurs re\u00e7oivent  alors  chez eux 2 bouteilles de vins &laquo;&nbsp;eau de vigne&nbsp;&raquo; et un verre \u00e0 d\u00e9gustation Spiegelau Authentis (N\u00b01 revue des vins de France)  qui seront utilis\u00e9s pour l&rsquo;animation.<\/p>\n\n\n\n<hr class=\"wp-block-separator\"\/>\n\n\n\n<p> Les sessions sont anim\u00e9es par Romain Miller &#8211; ing\u00e9nieur, expert en \u0153nologie<strong> <\/strong> sp\u00e9cialis\u00e9 dans les vins \u00e0 caract\u00e8re \u00e9cologique, animateur de la  <strong>fresque du climat<\/strong> et administrateur du r\u00e9seau des <strong>AMAP <\/strong>en Ile de  France. <\/p>\n\n\n\n<hr class=\"wp-block-separator\"\/>\n\n\n\n<p><strong>Demande d&rsquo;information ou cotation<\/strong><\/p>\n\n\n\n<noscript class=\"ninja-forms-noscript-message\">\n\tRemarque\u00a0: JavaScript est requis pour ce contenu.<\/noscript>\nAucun champ trouv\u00e9.<div id=\"nf-form-25-cont\" class=\"nf-form-cont\" aria-live=\"polite\" aria-labelledby=\"nf-form-title-25\" aria-describedby=\"nf-form-errors-25\" role=\"form\">\n\n    <div class=\"nf-loading-spinner\"><\/div>\n\n<\/div>\n        <!-- That data is being printed as a workaround to page builders reordering the order of the scripts loaded-->\n        <script>var formDisplay=1;var nfForms=nfForms||[];var form=[];form.id='25';form.settings={\"ninjaForms\":\"Ninja Forms\",\"changeEmailErrorMsg\":\"Veuillez saisir une adresse de messagerie valide. Ex\\u00a0: jean.dupont@gmail.com\",\"changeDateErrorMsg\":\"Veuillez saisir une date valide\\u00a0!\",\"confirmFieldErrorMsg\":\"Ces champs doivent correspondre\\u00a0!\",\"fieldNumberNumMinError\":\"Erreur de nombre min.\",\"fieldNumberNumMaxError\":\"Erreur de nombre max.\",\"fieldNumberIncrementBy\":\"Veuillez incr\\u00e9menter par \",\"fieldTextareaRTEInsertLink\":\"Ins\\u00e9rer un lien\",\"fieldTextareaRTEInsertMedia\":\"Ins\\u00e9rer un m\\u00e9dia\",\"fieldTextareaRTESelectAFile\":\"S\\u00e9lectionnez un fichier\",\"formErrorsCorrectErrors\":\"Veuillez corriger les erreurs avant d\\u2019envoyer ce formulaire.\",\"formHoneypot\":\"Si vous \\u00eates un \\u00eatre humain et que vous voyez ce champ, veuillez le laisser vide.\",\"validateRequiredField\":\"Ce champ est obligatoire.\",\"honeypotHoneypotError\":\"Erreur Honeypot\",\"fileUploadOldCodeFileUploadInProgress\":\"T\\u00e9l\\u00e9versement du fichier en cours.\",\"fileUploadOldCodeFileUpload\":\"T\\u00c9L\\u00c9VERSEMENT DE FICHIER\",\"currencySymbol\":\"$\",\"fieldsMarkedRequired\":\"Les champs marqu\\u00e9s d\\u2019un <span class=\\\"ninja-forms-req-symbol\\\">*<\\\/span> sont obligatoires\",\"thousands_sep\":\"&nbsp;\",\"decimal_point\":\",\",\"siteLocale\":\"fr_FR\",\"dateFormat\":\"m\\\/d\\\/Y\",\"startOfWeek\":\"1\",\"of\":\"sur\",\"previousMonth\":\"Mois pr\\u00e9c\\u00e9dent\",\"nextMonth\":\"Mois suivant\",\"months\":[\"Janvier\",\"F\\u00e9vrier\",\"Mars\",\"Avril\",\"Mai\",\"Juin\",\"Juillet\",\"Ao\\u00fbt\",\"Septembre\",\"Octobre\",\"Novembre\",\"D\\u00e9cembre\"],\"monthsShort\":[\"Jan\",\"F\\u00e9v\",\"Mar\",\"Avr\",\"Mai\",\"Juin\",\"Juil\",\"Ao\\u00fb\",\"Sep\",\"Oct\",\"Nov\",\"D\\u00e9c\"],\"weekdays\":[\"Dimanche\",\"Lundi\",\"Mardi\",\"Mercredi\",\"Jeudi\",\"Vendredi\",\"Samedi\"],\"weekdaysShort\":[\"Dim\",\"Lun\",\"Mar\",\"Mer\",\"Jeu\",\"Ven\",\"Sam\"],\"weekdaysMin\":[\"Di\",\"Lu\",\"Ma\",\"Me\",\"Je\",\"Ve\",\"Sa\"],\"recaptchaConsentMissing\":\"reCaptcha validation couldn&#039;t load.\",\"recaptchaMissingCookie\":\"reCaptcha v3 validation couldn&#039;t load the cookie needed to submit the form.\",\"recaptchaConsentEvent\":\"Accept reCaptcha cookies before sending the form.\",\"embed_form\":\"\",\"currency_symbol\":\"\",\"title\":\"\",\"beforeForm\":\"\",\"beforeFields\":\"\",\"afterFields\":\"\",\"afterForm\":\"\"};form.fields=[];nfForms.push(form);<\/script>\n        \n","protected":false},"excerpt":{"rendered":"<p>LA FRESQUE DE LA BIODIVERSITE EN BREF En pr\u00e9sentiel ou \u00e0 distance Par tables de 4 \u00e0 7 joueurs Jeu participatif : coconstruisez la fresque de la biodiversit\u00e9, d\u00e9couvrez au travers d&rsquo;un atelier ludique et collaboratif l&rsquo;aspect syst\u00e9mique de l&rsquo;\u00e9rosion de la biodiversit\u00e9 : ce qu\u2019elle est, ce qu\u2019elle permet et ce qui la d\u00e9grade. &hellip; <\/p>\n<p class=\"link-more\"><a href=\"https:\/\/eaudevigne.com\/wordpress\/team-building\/fresque-de-la-biodiversite-degustations\/\" class=\"more-link\">Continuer la lecture<span class=\"screen-reader-text\"> de &laquo;&nbsp;FRESQUE DE LA BIODIVERSITE&nbsp;&raquo;<\/span><\/a><\/p>\n","protected":false},"author":1,"featured_media":3405,"parent":3093,"menu_order":0,"comment_status":"closed","ping_status":"closed","template":"","meta":{"footnotes":""},"class_list":["post-3275","page","type-page","status-publish","has-post-thumbnail","hentry"],"_links":{"self":[{"href":"https:\/\/eaudevigne.com\/wordpress\/wp-json\/wp\/v2\/pages\/3275","targetHints":{"allow":["GET"]}}],"collection":[{"href":"https:\/\/eaudevigne.com\/wordpress\/wp-json\/wp\/v2\/pages"}],"about":[{"href":"https:\/\/eaudevigne.com\/wordpress\/wp-json\/wp\/v2\/types\/page"}],"author":[{"embeddable":true,"href":"https:\/\/eaudevigne.com\/wordpress\/wp-json\/wp\/v2\/users\/1"}],"replies":[{"embeddable":true,"href":"https:\/\/eaudevigne.com\/wordpress\/wp-json\/wp\/v2\/comments?post=3275"}],"version-history":[{"count":0,"href":"https:\/\/eaudevigne.com\/wordpress\/wp-json\/wp\/v2\/pages\/3275\/revisions"}],"up":[{"embeddable":true,"href":"https:\/\/eaudevigne.com\/wordpress\/wp-json\/wp\/v2\/pages\/3093"}],"wp:featuredmedia":[{"embeddable":true,"href":"https:\/\/eaudevigne.com\/wordpress\/wp-json\/wp\/v2\/media\/3405"}],"wp:attachment":[{"href":"https:\/\/eaudevigne.com\/wordpress\/wp-json\/wp\/v2\/media?parent=3275"}],"curies":[{"name":"wp","href":"https:\/\/api.w.org\/{rel}","templated":true}]}}