{"id":3093,"date":"2021-09-22T23:30:04","date_gmt":"2021-09-22T21:30:04","guid":{"rendered":"https:\/\/eaudevigne.com\/wordpress\/?page_id=3093"},"modified":"2025-10-29T15:30:38","modified_gmt":"2025-10-29T14:30:38","slug":"team-building","status":"publish","type":"page","link":"https:\/\/eaudevigne.com\/wordpress\/team-building\/","title":{"rendered":"Prestations Team Building"},"content":{"rendered":"\n<hr class=\"wp-block-separator\"\/>\n\n\n\n<p><a rel=\"noreferrer noopener\" aria-label=\"2 Heures - L'atelier \u0153nologique (+ d'infos) (opens in a new tab)\" href=\"https:\/\/eaudevigne.com\/wordpress\/atelier-degustation-2h\/\" target=\"_blank\">L&rsquo;atelier \u0153nologique<\/a>           .  <a rel=\"noreferrer noopener\" aria-label=\"Demander un devis (opens in a new tab)\" href=\"https:\/\/eaudevigne.com\/wordpress\/devis-atelier-oenologique\/\" target=\"_blank\">Demander un devis<\/a><\/p>\n\n\n\n<div class=\"wp-block-group\"><div class=\"wp-block-group__inner-container is-layout-flow wp-block-group-is-layout-flow\">\n<figure class=\"wp-block-image size-large\"><a href=\"https:\/\/eaudevigne.com\/wordpress\/atelier-degustation-2h\/\"><img loading=\"lazy\" decoding=\"async\" width=\"1024\" height=\"1024\" src=\"https:\/\/eaudevigne.com\/wordpress\/wp-content\/uploads\/2023\/11\/b0a6fa1d-0c09-47bc-b6b6-c2e046aec669-1-1024x1024.jpg\" alt=\"\" class=\"wp-image-3384\" srcset=\"https:\/\/eaudevigne.com\/wordpress\/wp-content\/uploads\/2023\/11\/b0a6fa1d-0c09-47bc-b6b6-c2e046aec669-1.jpg 1024w, https:\/\/eaudevigne.com\/wordpress\/wp-content\/uploads\/2023\/11\/b0a6fa1d-0c09-47bc-b6b6-c2e046aec669-1-300x300.jpg 300w, https:\/\/eaudevigne.com\/wordpress\/wp-content\/uploads\/2023\/11\/b0a6fa1d-0c09-47bc-b6b6-c2e046aec669-1-150x150.jpg 150w, https:\/\/eaudevigne.com\/wordpress\/wp-content\/uploads\/2023\/11\/b0a6fa1d-0c09-47bc-b6b6-c2e046aec669-1-768x768.jpg 768w, https:\/\/eaudevigne.com\/wordpress\/wp-content\/uploads\/2023\/11\/b0a6fa1d-0c09-47bc-b6b6-c2e046aec669-1-100x100.jpg 100w\" sizes=\"auto, (max-width: 767px) 89vw, (max-width: 1000px) 54vw, (max-width: 1071px) 543px, 580px\" \/><\/a><\/figure>\n\n\n\n<hr class=\"wp-block-separator\"\/>\n<\/div><\/div>\n\n\n\n<p>Les soir\u00e9es JEUX \/ BAR A VINS<\/p>\n\n\n\n<hr class=\"wp-block-separator\"\/>\n\n\n\n<p>HISTOIRE DU VIN : 5 SOIREES POSSIBLES<\/p>\n\n\n\n<p>Une soir\u00e9e de jeux o\u00f9 la d\u00e9gustation rencontre L&rsquo;HISTOIRE !<br>Partez \u00e0 la d\u00e9couverte des grandes \u00e9poques du vin \u2014 de l\u2019Antiquit\u00e9 \u00e0 l\u2019\u00e8re contemporaine \u2014 \u00e0 travers des quiz, d\u00e9fis et anecdotes savoureuses.<br>Apprenez en vous amusant comment les civilisations ont fa\u00e7onn\u00e9 la vigne, la vinification et nos go\u00fbts d\u2019aujourd\u2019hui.  Un moment convivial, sensoriel et culturel \u00e0 partager entre coll\u00e8gues, avec vos clients, vos fournisseurs, o\u00f9 chaque gorg\u00e9e se rapproche d&rsquo;une page d\u2019histoire.<\/p>\n\n\n\n<p><a href=\"https:\/\/eaudevigne.com\/wordpress\/histoire-du-vin\/\" target=\"_blank\" rel=\"noreferrer noopener\">+d&rsquo;infos<\/a><\/p>\n\n\n\n<figure class=\"wp-block-image size-large\"><img loading=\"lazy\" decoding=\"async\" width=\"1024\" height=\"763\" src=\"https:\/\/eaudevigne.com\/wordpress\/wp-content\/uploads\/2025\/10\/hdv-1024x763.jpg\" alt=\"\" class=\"wp-image-3539\" srcset=\"https:\/\/eaudevigne.com\/wordpress\/wp-content\/uploads\/2025\/10\/hdv-1024x763.jpg 1024w, https:\/\/eaudevigne.com\/wordpress\/wp-content\/uploads\/2025\/10\/hdv-300x223.jpg 300w, https:\/\/eaudevigne.com\/wordpress\/wp-content\/uploads\/2025\/10\/hdv-768x572.jpg 768w, https:\/\/eaudevigne.com\/wordpress\/wp-content\/uploads\/2025\/10\/hdv.jpg 1410w\" sizes=\"auto, (max-width: 767px) 89vw, (max-width: 1000px) 54vw, (max-width: 1071px) 543px, 580px\" \/><\/figure>\n\n\n\n<h3 class=\"wp-block-heading\">Terroir &amp; Nature (\u0152nologie Bio)<\/h3>\n\n\n\n<p>Terroir &amp; Nature : une <strong>soir\u00e9e Bar \u00e0 Vins \/ Jeux<\/strong> anim\u00e9e par eau de vigne. Une soir\u00e9e d\u00e9gustation conviviale de vins biologiques de qualit\u00e9  jalonn\u00e9e de <strong>d\u00e9fis \u0153nologiques ludiques<\/strong>. Plongez dans les secrets du <strong>bio et de la biodynamie<\/strong>. Renforcez l&rsquo;esprit d&rsquo;\u00e9quipe en alliant plaisir des sens, challenge d&rsquo;\u00e9quipes et <strong>consommation responsable<\/strong>. Un moment parfait pour apprendre, d\u00e9guster et s&rsquo;engager.<\/p>\n\n\n\n<p><a href=\"https:\/\/eaudevigne.com\/wordpress\/terroir-nature-team-building-oenologie-bio-biodynamie\/\" target=\"_blank\" rel=\"noreferrer noopener\">+d&rsquo;infos<\/a><\/p>\n\n\n\n<figure class=\"wp-block-image size-large\"><img loading=\"lazy\" decoding=\"async\" width=\"1024\" height=\"1024\" src=\"https:\/\/eaudevigne.com\/wordpress\/wp-content\/uploads\/2025\/10\/82004efb-a8ea-4892-9fed-f6671810753f-1024x1024.jpg\" alt=\"\" class=\"wp-image-3542\" srcset=\"https:\/\/eaudevigne.com\/wordpress\/wp-content\/uploads\/2025\/10\/82004efb-a8ea-4892-9fed-f6671810753f.jpg 1024w, https:\/\/eaudevigne.com\/wordpress\/wp-content\/uploads\/2025\/10\/82004efb-a8ea-4892-9fed-f6671810753f-300x300.jpg 300w, https:\/\/eaudevigne.com\/wordpress\/wp-content\/uploads\/2025\/10\/82004efb-a8ea-4892-9fed-f6671810753f-150x150.jpg 150w, https:\/\/eaudevigne.com\/wordpress\/wp-content\/uploads\/2025\/10\/82004efb-a8ea-4892-9fed-f6671810753f-768x768.jpg 768w, https:\/\/eaudevigne.com\/wordpress\/wp-content\/uploads\/2025\/10\/82004efb-a8ea-4892-9fed-f6671810753f-100x100.jpg 100w\" sizes=\"auto, (max-width: 767px) 89vw, (max-width: 1000px) 54vw, (max-width: 1071px) 543px, 580px\" \/><\/figure>\n\n\n\n<p>VINS \/ FROMAGES : Une soir\u00e9e de d\u00e9gustations entrecoup\u00e9e de jeux vous permettant d&rsquo;apprendre sur le fromage et ses accords.<\/p>\n\n\n\n<figure class=\"wp-block-image size-full\"><img loading=\"lazy\" decoding=\"async\" width=\"818\" height=\"918\" src=\"https:\/\/eaudevigne.com\/wordpress\/wp-content\/uploads\/2025\/10\/vf.jpg\" alt=\"\" class=\"wp-image-3540\" srcset=\"https:\/\/eaudevigne.com\/wordpress\/wp-content\/uploads\/2025\/10\/vf.jpg 818w, https:\/\/eaudevigne.com\/wordpress\/wp-content\/uploads\/2025\/10\/vf-267x300.jpg 267w, https:\/\/eaudevigne.com\/wordpress\/wp-content\/uploads\/2025\/10\/vf-768x862.jpg 768w\" sizes=\"auto, (max-width: 767px) 89vw, (max-width: 1000px) 54vw, (max-width: 1071px) 543px, 580px\" \/><\/figure>\n\n\n\n<hr class=\"wp-block-separator\"\/>\n\n\n\n<p> <strong>1 Heure 30 <\/strong> &#8211;  La d\u00e9gustation en for\u00eat  <\/p>\n\n\n\n<figure class=\"wp-block-image size-full\"><a href=\"mailto:romain.miller@eaudevigne.com\" target=\"_blank\" rel=\"noopener\"><img loading=\"lazy\" decoding=\"async\" width=\"1024\" height=\"1024\" src=\"https:\/\/eaudevigne.com\/wordpress\/wp-content\/uploads\/2023\/11\/O2V23-1.png\" alt=\"\" class=\"wp-image-3473\" srcset=\"https:\/\/eaudevigne.com\/wordpress\/wp-content\/uploads\/2023\/11\/O2V23-1.png 1024w, https:\/\/eaudevigne.com\/wordpress\/wp-content\/uploads\/2023\/11\/O2V23-1-300x300.png 300w, https:\/\/eaudevigne.com\/wordpress\/wp-content\/uploads\/2023\/11\/O2V23-1-150x150.png 150w, https:\/\/eaudevigne.com\/wordpress\/wp-content\/uploads\/2023\/11\/O2V23-1-768x768.png 768w, https:\/\/eaudevigne.com\/wordpress\/wp-content\/uploads\/2023\/11\/O2V23-1-100x100.png 100w\" sizes=\"auto, (max-width: 767px) 89vw, (max-width: 1000px) 54vw, (max-width: 1071px) 543px, 580px\" \/><\/a><\/figure>\n\n\n\n<p><strong>2 Heures &#8211; ou plus<\/strong> &#8211; Le bar \u00e0 vin    <a href=\"https:\/\/eaudevigne.com\/wordpress\/devis-le-bar-a-vins\/\" target=\"_blank\" rel=\"noreferrer noopener\" aria-label=\". Demander un devis (opens in a new tab)\">. Demander un devis<\/a><\/p>\n\n\n\n<figure class=\"wp-block-image size-full\"><a href=\"mailto:romain.miller@eaudevigne.com\" target=\"_blank\" rel=\"noopener\"><img loading=\"lazy\" decoding=\"async\" width=\"1024\" height=\"1024\" src=\"https:\/\/eaudevigne.com\/wordpress\/wp-content\/uploads\/2023\/11\/f4bd0766-44bc-4100-9bd4-9469728a47d2.jpg\" alt=\"\" class=\"wp-image-3461\" srcset=\"https:\/\/eaudevigne.com\/wordpress\/wp-content\/uploads\/2023\/11\/f4bd0766-44bc-4100-9bd4-9469728a47d2.jpg 1024w, https:\/\/eaudevigne.com\/wordpress\/wp-content\/uploads\/2023\/11\/f4bd0766-44bc-4100-9bd4-9469728a47d2-300x300.jpg 300w, https:\/\/eaudevigne.com\/wordpress\/wp-content\/uploads\/2023\/11\/f4bd0766-44bc-4100-9bd4-9469728a47d2-150x150.jpg 150w, https:\/\/eaudevigne.com\/wordpress\/wp-content\/uploads\/2023\/11\/f4bd0766-44bc-4100-9bd4-9469728a47d2-768x768.jpg 768w, https:\/\/eaudevigne.com\/wordpress\/wp-content\/uploads\/2023\/11\/f4bd0766-44bc-4100-9bd4-9469728a47d2-100x100.jpg 100w\" sizes=\"auto, (max-width: 767px) 89vw, (max-width: 1000px) 54vw, (max-width: 1071px) 543px, 580px\" \/><\/a><\/figure>\n\n\n\n<hr class=\"wp-block-separator\"\/>\n\n\n\n<p>Les Fresques (jeu participatif)<\/p>\n\n\n\n<p>2h <a rel=\"noreferrer noopener\" aria-label=\"La Fresque de la vigne       (+ d'infos) (opens in a new tab)\" href=\"https:\/\/eaudevigne.com\/wordpress\/team-building\/jeu\/\" target=\"_blank\">La Fresque de la vigne       (+ d&rsquo;infos)<\/a>               .  <a rel=\"noreferrer noopener\" aria-label=\" (opens in a new tab)\" href=\"https:\/\/eaudevigne.com\/wordpress\/devis-fresque-de-la-vigne\/\" target=\"_blank\">Demander un devis<\/a> <\/p>\n\n\n\n<div class=\"wp-block-group\"><div class=\"wp-block-group__inner-container is-layout-flow wp-block-group-is-layout-flow\">\n<div class=\"wp-block-jetpack-tiled-gallery aligncenter is-style-rectangular\"><div class=\"tiled-gallery__gallery\"><div class=\"tiled-gallery__row\"><div class=\"tiled-gallery__col\" style=\"flex-basis:100%\"><figure class=\"tiled-gallery__item\"><img decoding=\"async\" alt=\"\" data-height=\"1024\" data-id=\"3458\" data-link=\"https:\/\/eaudevigne.com\/wordpress\/team-building\/92ec3b0d-377f-4bbc-af3e-9eea98773bec-1\/\" data-url=\"https:\/\/eaudevigne.com\/wordpress\/wp-content\/uploads\/2023\/11\/92ec3b0d-377f-4bbc-af3e-9eea98773bec-1.jpg\" data-width=\"1024\" src=\"https:\/\/i1.wp.com\/eaudevigne.com\/wordpress\/wp-content\/uploads\/2023\/11\/92ec3b0d-377f-4bbc-af3e-9eea98773bec-1.jpg?ssl=1\" layout=\"responsive\"\/><\/figure><\/div><\/div><\/div><\/div>\n\n\n\n<p><\/p>\n<\/div><\/div>\n\n\n\n<hr class=\"wp-block-separator\"\/>\n\n\n\n<p>3h &#8211; <a rel=\"noreferrer noopener\" aria-label=\"La Fresque de la vigne (+ d'infos) (opens in a new tab)\" href=\"https:\/\/eaudevigne.com\/wordpress\/team-building\/formation-climat-degustation-eau-de-vigne\/\" target=\"_blank\">La Fresque du climat (+ d&rsquo;infos)<\/a>         <a rel=\"noreferrer noopener\" aria-label=\"demander un devis (opens in a new tab)\" href=\"https:\/\/eaudevigne.com\/wordpress\/devis-fresque-du-climat\/\" target=\"_blank\">. demander un devis<\/a><\/p>\n\n\n\n<div class=\"wp-block-jetpack-tiled-gallery aligncenter is-style-rectangular\"><div class=\"tiled-gallery__gallery\"><div class=\"tiled-gallery__row\"><div class=\"tiled-gallery__col\" style=\"flex-basis:100%\"><figure class=\"tiled-gallery__item\"><img decoding=\"async\" alt=\"\" data-height=\"1024\" data-id=\"3459\" data-link=\"https:\/\/eaudevigne.com\/wordpress\/team-building\/6d022530-ea22-46d1-8000-445f6f5f0769\/\" data-url=\"https:\/\/eaudevigne.com\/wordpress\/wp-content\/uploads\/2023\/11\/6d022530-ea22-46d1-8000-445f6f5f0769.jpg\" data-width=\"1024\" src=\"https:\/\/i0.wp.com\/eaudevigne.com\/wordpress\/wp-content\/uploads\/2023\/11\/6d022530-ea22-46d1-8000-445f6f5f0769.jpg?ssl=1\" layout=\"responsive\"\/><\/figure><\/div><\/div><\/div><\/div>\n\n\n\n<hr class=\"wp-block-separator\"\/>\n\n\n\n<hr class=\"wp-block-separator\"\/>\n\n\n\n<p> 3h &#8211; <a rel=\"noreferrer noopener\" aria-label=\" (opens in a new tab)\" href=\"https:\/\/eaudevigne.com\/wordpress\/team-building\/fresque-de-la-biodiversite-degustations\/\" target=\"_blank\">La Fresque de la biodiversit\u00e9 (+ d&rsquo;infos)<\/a>                 .  <a rel=\"noreferrer noopener\" href=\"https:\/\/eaudevigne.com\/wordpress\/devis-fresque-de-la-vigne\/\" target=\"_blank\">Demander un devis<\/a>  <\/p>\n\n\n\n<div class=\"wp-block-jetpack-tiled-gallery aligncenter is-style-rectangular\"><div class=\"tiled-gallery__gallery\"><div class=\"tiled-gallery__row\"><div class=\"tiled-gallery__col\" style=\"flex-basis:100%\"><figure class=\"tiled-gallery__item\"><img decoding=\"async\" alt=\"\" data-height=\"1024\" data-id=\"3460\" data-link=\"https:\/\/eaudevigne.com\/wordpress\/team-building\/c82b728d-31b2-490c-a27e-8027da9d9452\/\" data-url=\"https:\/\/eaudevigne.com\/wordpress\/wp-content\/uploads\/2023\/11\/c82b728d-31b2-490c-a27e-8027da9d9452.jpg\" data-width=\"1024\" src=\"https:\/\/i1.wp.com\/eaudevigne.com\/wordpress\/wp-content\/uploads\/2023\/11\/c82b728d-31b2-490c-a27e-8027da9d9452.jpg?ssl=1\" layout=\"responsive\"\/><\/figure><\/div><\/div><\/div><\/div>\n\n\n\n<hr class=\"wp-block-separator\"\/>\n\n\n\n<p>Accueil \u00e0 l&rsquo;arr\u00eat du T13 &laquo;&nbsp;L&nbsp;&raquo;Etang les Sablons&nbsp;&raquo; ou point de rencontre \u00e0 l&rsquo;or\u00e9e de la for\u00eat <\/p>\n\n\n\n<hr class=\"wp-block-separator\"\/>\n\n\n\n<hr class=\"wp-block-separator\"\/>\n\n\n\n<hr class=\"wp-block-separator\"\/>\n\n\n\n<hr class=\"wp-block-separator\"\/>\n\n\n\n<p><strong>PRESTATIONS<\/strong> <strong>JOINTES<\/strong><\/p>\n\n\n\n<figure class=\"wp-block-image size-large\"><img loading=\"lazy\" decoding=\"async\" width=\"813\" height=\"160\" src=\"https:\/\/eaudevigne.com\/wordpress\/wp-content\/uploads\/2021\/10\/tdsfo2v.png\" alt=\"\" class=\"wp-image-3131\" srcset=\"https:\/\/eaudevigne.com\/wordpress\/wp-content\/uploads\/2021\/10\/tdsfo2v.png 813w, https:\/\/eaudevigne.com\/wordpress\/wp-content\/uploads\/2021\/10\/tdsfo2v-300x59.png 300w, https:\/\/eaudevigne.com\/wordpress\/wp-content\/uploads\/2021\/10\/tdsfo2v-768x151.png 768w\" sizes=\"auto, (max-width: 767px) 89vw, (max-width: 1000px) 54vw, (max-width: 1071px) 543px, 580px\" \/><\/figure>\n\n\n\n<p><strong>3 Heures<\/strong> &#8211; Reconnais-sens       . <a rel=\"noreferrer noopener\" aria-label=\"Demander un devis (opens in a new tab)\" href=\"https:\/\/eaudevigne.com\/wordpress\/devis-reconnais-sens\/\" target=\"_blank\">Demander un devis<\/a>   <a href=\"mailto:romain.miller@eaudevigne.com\" target=\"_blank\" rel=\"noreferrer noopener\">email<\/a><\/p>\n\n\n\n<figure class=\"wp-block-image size-full\"><img loading=\"lazy\" decoding=\"async\" width=\"1024\" height=\"1024\" src=\"https:\/\/eaudevigne.com\/wordpress\/wp-content\/uploads\/2023\/11\/foret01.png\" alt=\"\" class=\"wp-image-3474\" srcset=\"https:\/\/eaudevigne.com\/wordpress\/wp-content\/uploads\/2023\/11\/foret01.png 1024w, https:\/\/eaudevigne.com\/wordpress\/wp-content\/uploads\/2023\/11\/foret01-300x300.png 300w, https:\/\/eaudevigne.com\/wordpress\/wp-content\/uploads\/2023\/11\/foret01-150x150.png 150w, https:\/\/eaudevigne.com\/wordpress\/wp-content\/uploads\/2023\/11\/foret01-768x768.png 768w, https:\/\/eaudevigne.com\/wordpress\/wp-content\/uploads\/2023\/11\/foret01-100x100.png 100w\" sizes=\"auto, (max-width: 767px) 89vw, (max-width: 1000px) 54vw, (max-width: 1071px) 543px, 580px\" \/><\/figure>\n\n\n\n<hr class=\"wp-block-separator\"\/>\n\n\n\n<hr class=\"wp-block-separator\"\/>\n\n\n\n<div class=\"wp-block-group\"><div class=\"wp-block-group__inner-container is-layout-flow wp-block-group-is-layout-flow\"><\/div><\/div>\n\n\n\n<hr class=\"wp-block-separator has-text-color has-background\" style=\"background-color:#701511;color:#701511\"\/>\n\n\n\n<hr class=\"wp-block-separator\"\/>\n\n\n\n<hr class=\"wp-block-separator\"\/>\n\n\n\n<figure class=\"wp-block-image size-large is-resized\"><img loading=\"lazy\" decoding=\"async\" src=\"https:\/\/eaudevigne.com\/wordpress\/wp-content\/uploads\/2021\/10\/websiteplanet-qr-1024x1024.jpeg\" alt=\"\" class=\"wp-image-3219\" width=\"149\" height=\"149\" srcset=\"https:\/\/eaudevigne.com\/wordpress\/wp-content\/uploads\/2021\/10\/websiteplanet-qr-1024x1024.jpeg 1024w, https:\/\/eaudevigne.com\/wordpress\/wp-content\/uploads\/2021\/10\/websiteplanet-qr-300x300.jpeg 300w, https:\/\/eaudevigne.com\/wordpress\/wp-content\/uploads\/2021\/10\/websiteplanet-qr-150x150.jpeg 150w, https:\/\/eaudevigne.com\/wordpress\/wp-content\/uploads\/2021\/10\/websiteplanet-qr-768x768.jpeg 768w, https:\/\/eaudevigne.com\/wordpress\/wp-content\/uploads\/2021\/10\/websiteplanet-qr-100x100.jpeg 100w, https:\/\/eaudevigne.com\/wordpress\/wp-content\/uploads\/2021\/10\/websiteplanet-qr.jpeg 1166w\" sizes=\"auto, (max-width: 149px) 100vw, 149px\" \/><\/figure>\n\n\n\n<p><\/p>\n","protected":false},"excerpt":{"rendered":"<p>L&rsquo;atelier \u0153nologique . Demander un devis Les soir\u00e9es JEUX \/ BAR A VINS HISTOIRE DU VIN : 5 SOIREES POSSIBLES Une soir\u00e9e de jeux o\u00f9 la d\u00e9gustation rencontre L&rsquo;HISTOIRE !Partez \u00e0 la d\u00e9couverte des grandes \u00e9poques du vin \u2014 de l\u2019Antiquit\u00e9 \u00e0 l\u2019\u00e8re contemporaine \u2014 \u00e0 travers des quiz, d\u00e9fis et anecdotes savoureuses.Apprenez en vous &hellip; <\/p>\n<p class=\"link-more\"><a href=\"https:\/\/eaudevigne.com\/wordpress\/team-building\/\" class=\"more-link\">Continuer la lecture<span class=\"screen-reader-text\"> de &laquo;&nbsp;Prestations Team Building&nbsp;&raquo;<\/span><\/a><\/p>\n","protected":false},"author":1,"featured_media":0,"parent":0,"menu_order":0,"comment_status":"closed","ping_status":"closed","template":"","meta":{"footnotes":""},"class_list":["post-3093","page","type-page","status-publish","hentry"],"_links":{"self":[{"href":"https:\/\/eaudevigne.com\/wordpress\/wp-json\/wp\/v2\/pages\/3093","targetHints":{"allow":["GET"]}}],"collection":[{"href":"https:\/\/eaudevigne.com\/wordpress\/wp-json\/wp\/v2\/pages"}],"about":[{"href":"https:\/\/eaudevigne.com\/wordpress\/wp-json\/wp\/v2\/types\/page"}],"author":[{"embeddable":true,"href":"https:\/\/eaudevigne.com\/wordpress\/wp-json\/wp\/v2\/users\/1"}],"replies":[{"embeddable":true,"href":"https:\/\/eaudevigne.com\/wordpress\/wp-json\/wp\/v2\/comments?post=3093"}],"version-history":[{"count":3,"href":"https:\/\/eaudevigne.com\/wordpress\/wp-json\/wp\/v2\/pages\/3093\/revisions"}],"predecessor-version":[{"id":3556,"href":"https:\/\/eaudevigne.com\/wordpress\/wp-json\/wp\/v2\/pages\/3093\/revisions\/3556"}],"wp:attachment":[{"href":"https:\/\/eaudevigne.com\/wordpress\/wp-json\/wp\/v2\/media?parent=3093"}],"curies":[{"name":"wp","href":"https:\/\/api.w.org\/{rel}","templated":true}]}}