{"id":3084,"date":"2021-09-22T23:03:21","date_gmt":"2021-09-22T21:03:21","guid":{"rendered":"https:\/\/eaudevigne.com\/wordpress\/?page_id=3084"},"modified":"2023-11-27T15:01:27","modified_gmt":"2023-11-27T14:01:27","slug":"atelier-degustation-2h","status":"publish","type":"page","link":"https:\/\/eaudevigne.com\/wordpress\/team-building\/atelier-degustation-2h\/","title":{"rendered":"ATELIER DEGUSTATION &#8211; 2H"},"content":{"rendered":"\n<h1 class=\"wp-block-heading\"><strong>Un atelier \u0153nologique en entreprise<\/strong> <\/h1>\n\n\n\n<figure class=\"wp-block-image size-large\"><img decoding=\"async\" src=\"https:\/\/eaudevigne.com\/wordpress\/wp-content\/uploads\/2023\/11\/02v01-1024x1024.jpg\" alt=\"\" class=\"wp-image-3351\"\/><\/figure>\n\n\n\n<p> EN BREF  <\/p>\n\n\n\n<ul class=\"wp-block-list\"><li>Dans vos locaux ou dans le lieu de votre choix : organisez une soir\u00e9e autour du vin <ul><li>avec votre \u00e9quipe.<\/li><li>pour vos clients ou fournisseurs <\/li><\/ul><\/li><li>5 vins d\u00e9gust\u00e9s \u00e0 l&rsquo;aveugle, une vraie exp\u00e9rience des sens.<\/li><li>Jeu Quizz en s\u00e9ance sur t\u00e9l\u00e9phone portable m\u00ealant questions th\u00e9oriques et pratique sur la d\u00e9gustation en cours.  Un Grand Cru \/ Champagne \u00e0 gagner pour le meilleur r\u00e9sultat.<\/li><li>Sensibilisation \u00e0 l\u2019\u0153nologie, \u00e0 la d\u00e9gustation, aux principes d&rsquo;une viticulture plus responsable,<\/li><li>Bonne humeur garantie.<\/li><\/ul>\n\n\n\n<figure class=\"wp-block-image size-large\"><img loading=\"lazy\" decoding=\"async\" width=\"1024\" height=\"1024\" src=\"https:\/\/eaudevigne.com\/wordpress\/wp-content\/uploads\/2023\/11\/02v15-1024x1024.jpg\" alt=\"\" class=\"wp-image-3389\" srcset=\"https:\/\/eaudevigne.com\/wordpress\/wp-content\/uploads\/2023\/11\/02v15.jpg 1024w, https:\/\/eaudevigne.com\/wordpress\/wp-content\/uploads\/2023\/11\/02v15-300x300.jpg 300w, https:\/\/eaudevigne.com\/wordpress\/wp-content\/uploads\/2023\/11\/02v15-150x150.jpg 150w, https:\/\/eaudevigne.com\/wordpress\/wp-content\/uploads\/2023\/11\/02v15-768x768.jpg 768w, https:\/\/eaudevigne.com\/wordpress\/wp-content\/uploads\/2023\/11\/02v15-100x100.jpg 100w\" sizes=\"auto, (max-width: 767px) 89vw, (max-width: 1000px) 54vw, (max-width: 1071px) 543px, 580px\" \/><\/figure>\n\n\n\n<p><a href=\"mailto:romain.miller@eaudevigne.com\" target=\"_blank\" rel=\"noreferrer noopener\">email<\/a><\/p>\n\n\n\n<p><a href=\"https:\/\/eaudevigne.com\/wordpress\/retours-clients\/\">Ils en parlent<\/a><\/p>\n\n\n\n<figure class=\"wp-block-table\"><table><tbody><tr><td>&nbsp;<\/td><td><noscript class=\"ninja-forms-noscript-message\">\n\tRemarque\u00a0: JavaScript est requis pour ce contenu.<\/noscript>\nAucun champ trouv\u00e9.<div id=\"nf-form-21-cont\" class=\"nf-form-cont\" aria-live=\"polite\" aria-labelledby=\"nf-form-title-21\" aria-describedby=\"nf-form-errors-21\" role=\"form\">\n\n    <div class=\"nf-loading-spinner\"><\/div>\n\n<\/div>\n        <!-- That data is being printed as a workaround to page builders reordering the order of the scripts loaded-->\n        <script>var formDisplay=1;var nfForms=nfForms||[];var form=[];form.id='21';form.settings={\"ninjaForms\":\"Ninja Forms\",\"changeEmailErrorMsg\":\"Veuillez saisir une adresse de messagerie valide. Ex\\u00a0: jean.dupont@gmail.com\",\"changeDateErrorMsg\":\"Veuillez saisir une date valide\\u00a0!\",\"confirmFieldErrorMsg\":\"Ces champs doivent correspondre\\u00a0!\",\"fieldNumberNumMinError\":\"Erreur de nombre min.\",\"fieldNumberNumMaxError\":\"Erreur de nombre max.\",\"fieldNumberIncrementBy\":\"Veuillez incr\\u00e9menter par \",\"fieldTextareaRTEInsertLink\":\"Ins\\u00e9rer un lien\",\"fieldTextareaRTEInsertMedia\":\"Ins\\u00e9rer un m\\u00e9dia\",\"fieldTextareaRTESelectAFile\":\"S\\u00e9lectionnez un fichier\",\"formErrorsCorrectErrors\":\"Veuillez corriger les erreurs avant d\\u2019envoyer ce formulaire.\",\"formHoneypot\":\"Si vous \\u00eates un \\u00eatre humain et que vous voyez ce champ, veuillez le laisser vide.\",\"validateRequiredField\":\"Ce champ est obligatoire.\",\"honeypotHoneypotError\":\"Erreur Honeypot\",\"fileUploadOldCodeFileUploadInProgress\":\"T\\u00e9l\\u00e9versement du fichier en cours.\",\"fileUploadOldCodeFileUpload\":\"T\\u00c9L\\u00c9VERSEMENT DE FICHIER\",\"currencySymbol\":\"$\",\"fieldsMarkedRequired\":\"Les champs marqu\\u00e9s d\\u2019un <span class=\\\"ninja-forms-req-symbol\\\">*<\\\/span> sont obligatoires\",\"thousands_sep\":\"&nbsp;\",\"decimal_point\":\",\",\"siteLocale\":\"fr_FR\",\"dateFormat\":\"m\\\/d\\\/Y\",\"startOfWeek\":\"1\",\"of\":\"sur\",\"previousMonth\":\"Mois pr\\u00e9c\\u00e9dent\",\"nextMonth\":\"Mois suivant\",\"months\":[\"Janvier\",\"F\\u00e9vrier\",\"Mars\",\"Avril\",\"Mai\",\"Juin\",\"Juillet\",\"Ao\\u00fbt\",\"Septembre\",\"Octobre\",\"Novembre\",\"D\\u00e9cembre\"],\"monthsShort\":[\"Jan\",\"F\\u00e9v\",\"Mar\",\"Avr\",\"Mai\",\"Juin\",\"Juil\",\"Ao\\u00fb\",\"Sep\",\"Oct\",\"Nov\",\"D\\u00e9c\"],\"weekdays\":[\"Dimanche\",\"Lundi\",\"Mardi\",\"Mercredi\",\"Jeudi\",\"Vendredi\",\"Samedi\"],\"weekdaysShort\":[\"Dim\",\"Lun\",\"Mar\",\"Mer\",\"Jeu\",\"Ven\",\"Sam\"],\"weekdaysMin\":[\"Di\",\"Lu\",\"Ma\",\"Me\",\"Je\",\"Ve\",\"Sa\"],\"recaptchaConsentMissing\":\"reCaptcha validation couldn&#039;t load.\",\"recaptchaMissingCookie\":\"reCaptcha v3 validation couldn&#039;t load the cookie needed to submit the form.\",\"recaptchaConsentEvent\":\"Accept reCaptcha cookies before sending the form.\",\"embed_form\":\"\",\"currency_symbol\":\"\",\"title\":\"\",\"beforeForm\":\"\",\"beforeFields\":\"\",\"afterFields\":\"\",\"afterForm\":\"\"};form.fields=[];nfForms.push(form);<\/script>\n        <\/td><\/tr><\/tbody><\/table><\/figure>\n","protected":false},"excerpt":{"rendered":"<p>Un atelier \u0153nologique en entreprise EN BREF Dans vos locaux ou dans le lieu de votre choix : organisez une soir\u00e9e autour du vin avec votre \u00e9quipe. pour vos clients ou fournisseurs 5 vins d\u00e9gust\u00e9s \u00e0 l&rsquo;aveugle, une vraie exp\u00e9rience des sens. Jeu Quizz en s\u00e9ance sur t\u00e9l\u00e9phone portable m\u00ealant questions th\u00e9oriques et pratique sur &hellip; <\/p>\n<p class=\"link-more\"><a href=\"https:\/\/eaudevigne.com\/wordpress\/team-building\/atelier-degustation-2h\/\" class=\"more-link\">Continuer la lecture<span class=\"screen-reader-text\"> de &laquo;&nbsp;ATELIER DEGUSTATION &#8211; 2H&nbsp;&raquo;<\/span><\/a><\/p>\n","protected":false},"author":1,"featured_media":0,"parent":3093,"menu_order":0,"comment_status":"closed","ping_status":"closed","template":"","meta":{"footnotes":""},"class_list":["post-3084","page","type-page","status-publish","hentry"],"_links":{"self":[{"href":"https:\/\/eaudevigne.com\/wordpress\/wp-json\/wp\/v2\/pages\/3084","targetHints":{"allow":["GET"]}}],"collection":[{"href":"https:\/\/eaudevigne.com\/wordpress\/wp-json\/wp\/v2\/pages"}],"about":[{"href":"https:\/\/eaudevigne.com\/wordpress\/wp-json\/wp\/v2\/types\/page"}],"author":[{"embeddable":true,"href":"https:\/\/eaudevigne.com\/wordpress\/wp-json\/wp\/v2\/users\/1"}],"replies":[{"embeddable":true,"href":"https:\/\/eaudevigne.com\/wordpress\/wp-json\/wp\/v2\/comments?post=3084"}],"version-history":[{"count":0,"href":"https:\/\/eaudevigne.com\/wordpress\/wp-json\/wp\/v2\/pages\/3084\/revisions"}],"up":[{"embeddable":true,"href":"https:\/\/eaudevigne.com\/wordpress\/wp-json\/wp\/v2\/pages\/3093"}],"wp:attachment":[{"href":"https:\/\/eaudevigne.com\/wordpress\/wp-json\/wp\/v2\/media?parent=3084"}],"curies":[{"name":"wp","href":"https:\/\/api.w.org\/{rel}","templated":true}]}}