{"id":3071,"date":"2021-05-20T11:16:42","date_gmt":"2021-05-20T09:16:42","guid":{"rendered":"https:\/\/eaudevigne.com\/wordpress\/?page_id=3071"},"modified":"2023-11-28T19:49:25","modified_gmt":"2023-11-28T18:49:25","slug":"cave-privee","status":"publish","type":"page","link":"https:\/\/eaudevigne.com\/wordpress\/cave-privee\/","title":{"rendered":"Cave priv\u00e9e"},"content":{"rendered":"\n<p><a href=\"https:\/\/eaudevigne.com\/o2v\/\" target=\"_blank\" rel=\"noreferrer noopener\" aria-label=\"Acc\u00e8s \u00e0 la cave priv\u00e9e (opens in a new tab)\">Acc\u00e8s \u00e0 la cave priv\u00e9e<\/a><\/p>\n\n\n\n<p>L&rsquo;acc\u00e8s \u00e0 la cave priv\u00e9e se fait avec un mot de passe. N&rsquo;h\u00e9sitez pas \u00e0 demander celui ci \u00e0 l&rsquo;aide du formulaire ci dessous :<\/p>\n\n\n\n<iframe loading=\"lazy\" class=\"airtable-embed\" src=\"https:\/\/airtable.com\/embed\/app55nG54LPbMWNHI\/shrUcZ0E1RhoIvGNL?backgroundColor=yellow\" frameborder=\"0\" onmousewheel=\"\" width=\"100%\" height=\"1300\" style=\"background: transparent; border: 1px solid #ccc;\"><\/iframe>\n\n\n\n<p><\/p>\n\n\n\n<p>C<a href=\"https:\/\/eaudevigne.com\/o2v\/\">ave priv\u00e9e<\/a><\/p>\n\n\n\n<figure class=\"wp-block-image size-full\"><a href=\"https:\/\/eaudevigne.com\/o2v\/\" target=\"_blank\" rel=\"noopener\"><img loading=\"lazy\" decoding=\"async\" width=\"1024\" height=\"1024\" src=\"https:\/\/eaudevigne.com\/wordpress\/wp-content\/uploads\/2023\/11\/pwd3.jpg\" alt=\"\" class=\"wp-image-3502\" srcset=\"https:\/\/eaudevigne.com\/wordpress\/wp-content\/uploads\/2023\/11\/pwd3.jpg 1024w, https:\/\/eaudevigne.com\/wordpress\/wp-content\/uploads\/2023\/11\/pwd3-300x300.jpg 300w, https:\/\/eaudevigne.com\/wordpress\/wp-content\/uploads\/2023\/11\/pwd3-150x150.jpg 150w, https:\/\/eaudevigne.com\/wordpress\/wp-content\/uploads\/2023\/11\/pwd3-768x768.jpg 768w, https:\/\/eaudevigne.com\/wordpress\/wp-content\/uploads\/2023\/11\/pwd3-100x100.jpg 100w\" sizes=\"auto, (max-width: 767px) 89vw, (max-width: 1000px) 54vw, (max-width: 1071px) 543px, 580px\" \/><\/a><\/figure>\n","protected":false},"excerpt":{"rendered":"<p>Acc\u00e8s \u00e0 la cave priv\u00e9e L&rsquo;acc\u00e8s \u00e0 la cave priv\u00e9e se fait avec un mot de passe. N&rsquo;h\u00e9sitez pas \u00e0 demander celui ci \u00e0 l&rsquo;aide du formulaire ci dessous : Cave priv\u00e9e<\/p>\n","protected":false},"author":1,"featured_media":3355,"parent":0,"menu_order":0,"comment_status":"closed","ping_status":"closed","template":"","meta":{"footnotes":""},"class_list":["post-3071","page","type-page","status-publish","has-post-thumbnail","hentry"],"_links":{"self":[{"href":"https:\/\/eaudevigne.com\/wordpress\/wp-json\/wp\/v2\/pages\/3071","targetHints":{"allow":["GET"]}}],"collection":[{"href":"https:\/\/eaudevigne.com\/wordpress\/wp-json\/wp\/v2\/pages"}],"about":[{"href":"https:\/\/eaudevigne.com\/wordpress\/wp-json\/wp\/v2\/types\/page"}],"author":[{"embeddable":true,"href":"https:\/\/eaudevigne.com\/wordpress\/wp-json\/wp\/v2\/users\/1"}],"replies":[{"embeddable":true,"href":"https:\/\/eaudevigne.com\/wordpress\/wp-json\/wp\/v2\/comments?post=3071"}],"version-history":[{"count":0,"href":"https:\/\/eaudevigne.com\/wordpress\/wp-json\/wp\/v2\/pages\/3071\/revisions"}],"wp:featuredmedia":[{"embeddable":true,"href":"https:\/\/eaudevigne.com\/wordpress\/wp-json\/wp\/v2\/media\/3355"}],"wp:attachment":[{"href":"https:\/\/eaudevigne.com\/wordpress\/wp-json\/wp\/v2\/media?parent=3071"}],"curies":[{"name":"wp","href":"https:\/\/api.w.org\/{rel}","templated":true}]}}