{"id":2873,"date":"2020-09-25T10:28:00","date_gmt":"2020-09-25T08:28:00","guid":{"rendered":"https:\/\/eaudevigne.com\/wordpress\/?page_id=2873"},"modified":"2023-01-05T10:07:02","modified_gmt":"2023-01-05T09:07:02","slug":"formation-climat-degustation-eau-de-vigne","status":"publish","type":"page","link":"https:\/\/eaudevigne.com\/wordpress\/team-building\/formation-climat-degustation-eau-de-vigne\/","title":{"rendered":"FRESQUE DU CLIMAT"},"content":{"rendered":"\n<div class=\"wp-block-jetpack-tiled-gallery aligncenter is-style-rectangular\"><div class=\"tiled-gallery__gallery\"><div class=\"tiled-gallery__row\"><div class=\"tiled-gallery__col\" style=\"flex-basis:50%\"><figure class=\"tiled-gallery__item\"><img decoding=\"async\" alt=\"\" data-height=\"2048\" data-id=\"3123\" data-link=\"https:\/\/eaudevigne.com\/wordpress\/team-building\/1-2-2\/\" data-url=\"https:\/\/eaudevigne.com\/wordpress\/wp-content\/uploads\/2021\/10\/1-2-scaled.jpg\" data-width=\"1448\" src=\"https:\/\/i0.wp.com\/eaudevigne.com\/wordpress\/wp-content\/uploads\/2021\/10\/1-2-scaled.jpg?ssl=1\" layout=\"responsive\"\/><\/figure><\/div><div class=\"tiled-gallery__col\" style=\"flex-basis:50%\"><figure class=\"tiled-gallery__item\"><img decoding=\"async\" alt=\"\" data-height=\"2048\" data-id=\"3125\" data-link=\"https:\/\/eaudevigne.com\/wordpress\/team-building\/2-3-2\/\" data-url=\"https:\/\/eaudevigne.com\/wordpress\/wp-content\/uploads\/2021\/10\/2-3-scaled.jpg\" data-width=\"1448\" src=\"https:\/\/i0.wp.com\/eaudevigne.com\/wordpress\/wp-content\/uploads\/2021\/10\/2-3-scaled.jpg?ssl=1\" layout=\"responsive\"\/><\/figure><\/div><\/div><\/div><\/div>\n\n\n\n<p> <strong>LA FRESQUE DU CLIMAT EN BREF<\/strong> <\/p>\n\n\n\n<ul class=\"wp-block-list\"><li> En pr\u00e9sentiel ou \u00e0 distance<\/li><li>Par tables de 4 \u00e0 7 joueurs<\/li><li>Jeu participatif : coconstruisez votre fresque du climat, via l&rsquo;intelligence collective du groupe, identifiez les liens de causes \u00e0 effets entre les \u00e9l\u00e9ments r\u00e9gissant le climat et son \u00e9volution. Bas\u00e9 sur les rapports du GIEC. <\/li><li>Comptez 3 heures, int\u00e9grant un debrief, (2h possibles mais plus compact)   <\/li><\/ul>\n\n\n\n<figure class=\"wp-block-image size-large is-resized\"><img loading=\"lazy\" decoding=\"async\" src=\"https:\/\/eaudevigne.com\/wordpress\/wp-content\/uploads\/2023\/01\/drapeaux.jpg\" alt=\"\" class=\"wp-image-3297\" width=\"156\" height=\"106\" srcset=\"https:\/\/eaudevigne.com\/wordpress\/wp-content\/uploads\/2023\/01\/drapeaux.jpg 332w, https:\/\/eaudevigne.com\/wordpress\/wp-content\/uploads\/2023\/01\/drapeaux-300x204.jpg 300w\" sizes=\"auto, (max-width: 156px) 100vw, 156px\" \/><figcaption>En fran\u00e7ais ou en anglais<\/figcaption><\/figure>\n\n\n\n<p><strong> LA FRESQUE DU CLIMAT EN D\u00c9TAIL<\/strong><\/p>\n\n\n\n<p>Formez vous aux enjeux du climat via  un atelier ludique, collaboratif et cr\u00e9atif bas\u00e9 sur l\u2019intelligence  collective : <strong>La Fresque du climat<\/strong>. Retrouvez en \u00e9quipe les liens de cause \u00e0 effet entre  les 42 cartes du jeu et co-construirez ainsi une v\u00e9ritable \u201c<a rel=\"noreferrer noopener\" href=\"https:\/\/www.youtube.com\/watch?v=NF-6CK6GQRk&amp;feature=youtu.be\" target=\"_blank\">Fresque<\/a>\u201d du changement climatique :  Comprenez les principaux m\u00e9canismes du d\u00e9r\u00e8glement climatique, contextualisez les informations faisant r\u00e9f\u00e9rence aux rapports du GIEC, r\u00e9fl\u00e9chissez collectivement \u00e0 des solutions&nbsp;: \u00e9cogestes, \u00e9volution des m\u00e9tiers de l\u2019entreprise, d\u00e9marrage d\u2019une politique RSE ou r\u00e9flexion strat\u00e9gique sur les changements induits par l\u2019urgence climatique <\/p>\n\n\n\n<p>Devenez acteur de votre formation, r\u00e9fl\u00e9chissez, \u00e9coutez et  r\u00e9alisez votre fresque. D\u00e9briefez. Continuez cette exp\u00e9rience par <strong>une d\u00e9gustation oenologique &laquo;&nbsp;eau de vigne&nbsp;&raquo; \u00e0 l&rsquo;aveugle<\/strong>. <\/p>\n\n\n\n<figure class=\"wp-block-embed-youtube wp-block-embed is-type-video is-provider-youtube wp-embed-aspect-16-9 wp-has-aspect-ratio\"><div class=\"wp-block-embed__wrapper\">\n<iframe loading=\"lazy\" title=\"Pr\u00e9sentation de l&#039;atelier la Fresque du Climat\" width=\"525\" height=\"295\" src=\"https:\/\/www.youtube.com\/embed\/HK4pRFnv2UY?feature=oembed\" frameborder=\"0\" allow=\"accelerometer; autoplay; clipboard-write; encrypted-media; gyroscope; picture-in-picture; web-share\" referrerpolicy=\"strict-origin-when-cross-origin\" allowfullscreen><\/iframe>\n<\/div><\/figure>\n\n\n\n<p>Team building r\u00e9alisable en Fran\u00e7ais et en Anglais<\/p>\n\n\n\n<h2 class=\"wp-block-heading\"><strong>PRESENTIEL OU  A DISTANCE : Les deux sont possibles<\/strong><\/h2>\n\n\n\n<p><strong>1\/ La Fresque en pr\u00e9sentiel <\/strong> : Minimum 4 personnes<\/p>\n\n\n\n<p>Les joueurs sont r\u00e9partis en 1 \u00e0 3 tables de <strong> 4 \u00e0 7 joueurs<\/strong>. Ils disposent de cartes repr\u00e9sentant les diff\u00e9rentes composantes du jeu et se concertent afin de <strong>retrouver les liens de cause \u00e0 effet<\/strong> en les positionnant et les <strong>reliant entre elles<\/strong> sur une grande page blanche pos\u00e9e sur une table. Un <strong>animateur <\/strong>encadre   les \u00e9quipes afin de les guider durant l\u2019atelier, assurer  une bonne  communication entre les membres et donner des explications    suppl\u00e9mentaires.   <\/p>\n\n\n\n<div class=\"wp-block-image\"><figure class=\"aligncenter size-large\"><img loading=\"lazy\" decoding=\"async\" width=\"400\" height=\"272\" src=\"https:\/\/eaudevigne.com\/wordpress\/wp-content\/uploads\/2021\/10\/Fr-fr_adulte_carte_15_recto.png\" alt=\"\" class=\"wp-image-3205\" srcset=\"https:\/\/eaudevigne.com\/wordpress\/wp-content\/uploads\/2021\/10\/Fr-fr_adulte_carte_15_recto.png 400w, https:\/\/eaudevigne.com\/wordpress\/wp-content\/uploads\/2021\/10\/Fr-fr_adulte_carte_15_recto-300x204.png 300w\" sizes=\"auto, (max-width: 400px) 100vw, 400px\" \/><\/figure><\/div>\n\n\n\n<p><strong>2\/ La Fresque \u00e0 distance<\/strong> : minimum de 4 personnes, maximum de 14 personnes r\u00e9parties en une \u00e0 deux 2 tables virtuelles de 4 \u00e0 7 personnes. Id\u00e9al pour un team building \u00e0 distance. Fran\u00e7ais et\/ou Anglais. <\/p>\n\n\n\n<p>Les joueurs disposent de cartes repr\u00e9sentant les diff\u00e9rentes composantes du climat et se concertent afin de <strong>retrouver les liens de cause \u00e0 effet<\/strong> en les positionnant et les <strong>reliant entre elles<\/strong> sur un grand tableau blanc informatis\u00e9 (technologie MURAL). &lsquo;eau de vigne<strong>&lsquo; <\/strong>encadre  les \u00e9quipes afin de guider les joueurs durant l\u2019atelier, assurer  une bonne communication  et donner des explications   suppl\u00e9mentaires.  <\/p>\n\n\n\n<div class=\"wp-block-jetpack-tiled-gallery aligncenter is-style-rectangular\"><div class=\"tiled-gallery__gallery\"><div class=\"tiled-gallery__row\"><div class=\"tiled-gallery__col\" style=\"flex-basis:100%\"><figure class=\"tiled-gallery__item\"><img decoding=\"async\" alt=\"\" data-height=\"613\" data-id=\"2884\" data-link=\"https:\/\/eaudevigne.com\/wordpress\/team-building\/formation-climat-degustation-eau-de-vigne\/image-3\/\" data-url=\"https:\/\/eaudevigne.com\/wordpress\/wp-content\/uploads\/2020\/09\/image-3.png\" data-width=\"1614\" src=\"https:\/\/i2.wp.com\/eaudevigne.com\/wordpress\/wp-content\/uploads\/2020\/09\/image-3.png?ssl=1\" layout=\"responsive\"\/><\/figure><\/div><\/div><div class=\"tiled-gallery__row\"><div class=\"tiled-gallery__col\" style=\"flex-basis:100%\"><figure class=\"tiled-gallery__item\"><img decoding=\"async\" alt=\"\" data-height=\"500\" data-id=\"3202\" data-link=\"https:\/\/eaudevigne.com\/wordpress\/team-building\/formation-climat-degustation-eau-de-vigne\/photo_2020-12-27_22-16-01\/\" data-url=\"https:\/\/eaudevigne.com\/wordpress\/wp-content\/uploads\/2021\/10\/photo_2020-12-27_22-16-01.jpg\" data-width=\"1000\" src=\"https:\/\/i1.wp.com\/eaudevigne.com\/wordpress\/wp-content\/uploads\/2021\/10\/photo_2020-12-27_22-16-01.jpg?ssl=1\" layout=\"responsive\"\/><\/figure><\/div><\/div><\/div><\/div>\n\n\n\n<p>10% du montant revers\u00e9 \u00e0 l&rsquo;association <a rel=\"noreferrer noopener\" aria-label=\"LA FRESQUE DU CLIMAT (opens in a new tab)\" href=\"http:\/\/fresqueduclimat.org\/\" target=\"_blank\">LA FRESQUE DU CLIMAT<\/a><\/p>\n\n\n\n<hr class=\"wp-block-separator\"\/>\n\n\n\n<hr class=\"wp-block-separator\"\/>\n\n\n\n<hr class=\"wp-block-separator\"\/>\n\n\n\n<p>EN OPTION ++ Terminez la journ\u00e9e par un atelier \u0153nologique <\/p>\n\n\n\n<div class=\"wp-block-jetpack-tiled-gallery aligncenter is-style-rectangular\"><div class=\"tiled-gallery__gallery\"><div class=\"tiled-gallery__row\"><div class=\"tiled-gallery__col\" style=\"flex-basis:50%\"><figure class=\"tiled-gallery__item\"><img decoding=\"async\" alt=\"\" data-height=\"2048\" data-id=\"3150\" data-link=\"https:\/\/eaudevigne.com\/wordpress\/team-building\/formation-climat-degustation-eau-de-vigne\/1-5-2\/\" data-url=\"https:\/\/eaudevigne.com\/wordpress\/wp-content\/uploads\/2021\/10\/1-5-scaled.jpg\" data-width=\"1448\" src=\"https:\/\/i2.wp.com\/eaudevigne.com\/wordpress\/wp-content\/uploads\/2021\/10\/1-5-scaled.jpg?ssl=1\" layout=\"responsive\"\/><\/figure><\/div><div class=\"tiled-gallery__col\" style=\"flex-basis:50%\"><figure class=\"tiled-gallery__item\"><img decoding=\"async\" alt=\"\" data-height=\"2048\" data-id=\"3149\" data-link=\"https:\/\/eaudevigne.com\/wordpress\/team-building\/formation-climat-degustation-eau-de-vigne\/2-9\/\" data-url=\"https:\/\/eaudevigne.com\/wordpress\/wp-content\/uploads\/2021\/10\/2-9-scaled.jpg\" data-width=\"1448\" src=\"https:\/\/i0.wp.com\/eaudevigne.com\/wordpress\/wp-content\/uploads\/2021\/10\/2-9-scaled.jpg?ssl=1\" layout=\"responsive\"\/><\/figure><\/div><\/div><\/div><\/div>\n\n\n\n<p>Les joueurs se retrouvent pour une d\u00e9gustation  \u00e0 l&rsquo;aveugle sur des vins \u00e0 caract\u00e8re \u00e9cologique. <\/p>\n\n\n\n<hr class=\"wp-block-separator\"\/>\n\n\n\n<p> Les sessions sont anim\u00e9es par Romain Miller &#8211; ing\u00e9nieur, expert en \u0153nologie<strong> <\/strong> sp\u00e9cialis\u00e9 dans les vins \u00e0 caract\u00e8re \u00e9cologique, animateur de la  <strong>fresque du climat<\/strong> et administrateur du r\u00e9seau des <strong>AMAP <\/strong>en Ile de  France. <\/p>\n\n\n\n<hr class=\"wp-block-separator\"\/>\n\n\n\n<p><strong>Demande d&rsquo;information ou cotation<\/strong><\/p>\n\n\n\n<noscript class=\"ninja-forms-noscript-message\">\n\tRemarque\u00a0: JavaScript est requis pour ce contenu.<\/noscript>\nAucun champ trouv\u00e9.<div id=\"nf-form-20-cont\" class=\"nf-form-cont\" aria-live=\"polite\" aria-labelledby=\"nf-form-title-20\" aria-describedby=\"nf-form-errors-20\" role=\"form\">\n\n    <div class=\"nf-loading-spinner\"><\/div>\n\n<\/div>\n        <!-- That data is being printed as a workaround to page builders reordering the order of the scripts loaded-->\n        <script>var formDisplay=1;var nfForms=nfForms||[];var form=[];form.id='20';form.settings={\"ninjaForms\":\"Ninja Forms\",\"changeEmailErrorMsg\":\"Veuillez saisir une adresse de messagerie valide. Ex\\u00a0: jean.dupont@gmail.com\",\"changeDateErrorMsg\":\"Veuillez saisir une date valide\\u00a0!\",\"confirmFieldErrorMsg\":\"Ces champs doivent correspondre\\u00a0!\",\"fieldNumberNumMinError\":\"Erreur de nombre min.\",\"fieldNumberNumMaxError\":\"Erreur de nombre max.\",\"fieldNumberIncrementBy\":\"Veuillez incr\\u00e9menter par \",\"fieldTextareaRTEInsertLink\":\"Ins\\u00e9rer un lien\",\"fieldTextareaRTEInsertMedia\":\"Ins\\u00e9rer un m\\u00e9dia\",\"fieldTextareaRTESelectAFile\":\"S\\u00e9lectionnez un fichier\",\"formErrorsCorrectErrors\":\"Veuillez corriger les erreurs avant d\\u2019envoyer ce formulaire.\",\"formHoneypot\":\"Si vous \\u00eates un \\u00eatre humain et que vous voyez ce champ, veuillez le laisser vide.\",\"validateRequiredField\":\"Ce champ est obligatoire.\",\"honeypotHoneypotError\":\"Erreur Honeypot\",\"fileUploadOldCodeFileUploadInProgress\":\"T\\u00e9l\\u00e9versement du fichier en cours.\",\"fileUploadOldCodeFileUpload\":\"T\\u00c9L\\u00c9VERSEMENT DE FICHIER\",\"currencySymbol\":\"$\",\"fieldsMarkedRequired\":\"Les champs marqu\\u00e9s d\\u2019un <span class=\\\"ninja-forms-req-symbol\\\">*<\\\/span> sont obligatoires\",\"thousands_sep\":\"&nbsp;\",\"decimal_point\":\",\",\"siteLocale\":\"fr_FR\",\"dateFormat\":\"m\\\/d\\\/Y\",\"startOfWeek\":\"1\",\"of\":\"sur\",\"previousMonth\":\"Mois pr\\u00e9c\\u00e9dent\",\"nextMonth\":\"Mois suivant\",\"months\":[\"Janvier\",\"F\\u00e9vrier\",\"Mars\",\"Avril\",\"Mai\",\"Juin\",\"Juillet\",\"Ao\\u00fbt\",\"Septembre\",\"Octobre\",\"Novembre\",\"D\\u00e9cembre\"],\"monthsShort\":[\"Jan\",\"F\\u00e9v\",\"Mar\",\"Avr\",\"Mai\",\"Juin\",\"Juil\",\"Ao\\u00fb\",\"Sep\",\"Oct\",\"Nov\",\"D\\u00e9c\"],\"weekdays\":[\"Dimanche\",\"Lundi\",\"Mardi\",\"Mercredi\",\"Jeudi\",\"Vendredi\",\"Samedi\"],\"weekdaysShort\":[\"Dim\",\"Lun\",\"Mar\",\"Mer\",\"Jeu\",\"Ven\",\"Sam\"],\"weekdaysMin\":[\"Di\",\"Lu\",\"Ma\",\"Me\",\"Je\",\"Ve\",\"Sa\"],\"recaptchaConsentMissing\":\"reCaptcha validation couldn&#039;t load.\",\"recaptchaMissingCookie\":\"reCaptcha v3 validation couldn&#039;t load the cookie needed to submit the form.\",\"recaptchaConsentEvent\":\"Accept reCaptcha cookies before sending the form.\",\"embed_form\":\"\",\"currency_symbol\":\"\",\"title\":\"\",\"beforeForm\":\"\",\"beforeFields\":\"\",\"afterFields\":\"\",\"afterForm\":\"\"};form.fields=[];nfForms.push(form);<\/script>\n        \n","protected":false},"excerpt":{"rendered":"<p>LA FRESQUE DU CLIMAT EN BREF En pr\u00e9sentiel ou \u00e0 distance Par tables de 4 \u00e0 7 joueurs Jeu participatif : coconstruisez votre fresque du climat, via l&rsquo;intelligence collective du groupe, identifiez les liens de causes \u00e0 effets entre les \u00e9l\u00e9ments r\u00e9gissant le climat et son \u00e9volution. Bas\u00e9 sur les rapports du GIEC. Comptez 3 &hellip; <\/p>\n<p class=\"link-more\"><a href=\"https:\/\/eaudevigne.com\/wordpress\/team-building\/formation-climat-degustation-eau-de-vigne\/\" class=\"more-link\">Continuer la lecture<span class=\"screen-reader-text\"> de &laquo;&nbsp;FRESQUE DU CLIMAT&nbsp;&raquo;<\/span><\/a><\/p>\n","protected":false},"author":1,"featured_media":0,"parent":3093,"menu_order":0,"comment_status":"closed","ping_status":"closed","template":"","meta":{"footnotes":""},"class_list":["post-2873","page","type-page","status-publish","hentry"],"_links":{"self":[{"href":"https:\/\/eaudevigne.com\/wordpress\/wp-json\/wp\/v2\/pages\/2873","targetHints":{"allow":["GET"]}}],"collection":[{"href":"https:\/\/eaudevigne.com\/wordpress\/wp-json\/wp\/v2\/pages"}],"about":[{"href":"https:\/\/eaudevigne.com\/wordpress\/wp-json\/wp\/v2\/types\/page"}],"author":[{"embeddable":true,"href":"https:\/\/eaudevigne.com\/wordpress\/wp-json\/wp\/v2\/users\/1"}],"replies":[{"embeddable":true,"href":"https:\/\/eaudevigne.com\/wordpress\/wp-json\/wp\/v2\/comments?post=2873"}],"version-history":[{"count":0,"href":"https:\/\/eaudevigne.com\/wordpress\/wp-json\/wp\/v2\/pages\/2873\/revisions"}],"up":[{"embeddable":true,"href":"https:\/\/eaudevigne.com\/wordpress\/wp-json\/wp\/v2\/pages\/3093"}],"wp:attachment":[{"href":"https:\/\/eaudevigne.com\/wordpress\/wp-json\/wp\/v2\/media?parent=2873"}],"curies":[{"name":"wp","href":"https:\/\/api.w.org\/{rel}","templated":true}]}}