{"id":2825,"date":"2020-09-23T12:25:12","date_gmt":"2020-09-23T10:25:12","guid":{"rendered":"https:\/\/eaudevigne.com\/wordpress\/?page_id=2825"},"modified":"2023-01-05T08:46:29","modified_gmt":"2023-01-05T07:46:29","slug":"jeu","status":"publish","type":"page","link":"https:\/\/eaudevigne.com\/wordpress\/team-building\/jeu\/","title":{"rendered":"LA FRESQUE DE LA VIGNE"},"content":{"rendered":"\n<div class=\"wp-block-jetpack-tiled-gallery aligncenter is-style-rectangular\"><div class=\"tiled-gallery__gallery\"><div class=\"tiled-gallery__row\"><div class=\"tiled-gallery__col\" style=\"flex-basis:50%\"><figure class=\"tiled-gallery__item\"><img decoding=\"async\" alt=\"\" data-height=\"2048\" data-id=\"3096\" data-link=\"https:\/\/eaudevigne.com\/wordpress\/team-building\/1-3\/\" data-url=\"https:\/\/eaudevigne.com\/wordpress\/wp-content\/uploads\/2021\/09\/1-1-scaled.jpg\" data-width=\"1448\" src=\"https:\/\/i2.wp.com\/eaudevigne.com\/wordpress\/wp-content\/uploads\/2021\/09\/1-1-scaled.jpg?ssl=1\" layout=\"responsive\"\/><\/figure><\/div><div class=\"tiled-gallery__col\" style=\"flex-basis:50%\"><figure class=\"tiled-gallery__item\"><img decoding=\"async\" alt=\"\" data-height=\"2048\" data-id=\"3155\" data-link=\"https:\/\/eaudevigne.com\/wordpress\/team-building\/jeu\/2-10\/\" data-url=\"https:\/\/eaudevigne.com\/wordpress\/wp-content\/uploads\/2021\/10\/2-10-scaled.jpg\" data-width=\"1448\" src=\"https:\/\/i2.wp.com\/eaudevigne.com\/wordpress\/wp-content\/uploads\/2021\/10\/2-10-scaled.jpg?ssl=1\" layout=\"responsive\"\/><\/figure><\/div><\/div><\/div><\/div>\n\n\n\n<p><strong>LA FRESQUE DE LA VIGNE<\/strong> <strong>EN BREF<\/strong><\/p>\n\n\n\n<ul class=\"wp-block-list\"><li>En pr\u00e9sentiel ou \u00e0 distance<\/li><li>Par tables de 4 \u00e0 7 joueurs<\/li><li>Jeu participatif : coconstruisez votre fresque de la vigne, via l&rsquo;intelligence collective du groupe, identifiez les liens de causes \u00e0 effets entre les \u00e9l\u00e9ments r\u00e9gissant la vie du vigneron \u00e0 la vigne. Comparez la viticulture conventionnelle \u00e0 la viticulture bio, et comprenez les enjeux associ\u00e9s. <\/li><li>2 heures<\/li><\/ul>\n\n\n\n<p><strong>LA FRESQUE DE LA VIGNE EN D\u00c9TAIL<\/strong><\/p>\n\n\n\n<p><strong>Premi\u00e8re formation \u0153nologique en France sous l&rsquo;angle de l&rsquo;\u00e9cologie<\/strong><\/p>\n\n\n\n<p>Formez vous \u00e0 l\u2019\u0153nologie en jouant avec les fresques &laquo;&nbsp;eau de vigne&nbsp;&raquo; : Avec vos partenaires de jeu, coconstruisez une fresque de la vigne et du vin : Dans les vignes, identifiez les forces en action et comprenez le travail du vigneron. Apprenez \u00e0 d\u00e9couvrir vos partenaires de jeu sous un nouvel angle. Devenez acteur de votre apprentissage, r\u00e9fl\u00e9chissez, \u00e9coutez et  r\u00e9alisez votre fresque. D\u00e9briefez.<\/p>\n\n\n\n<p><strong>Comment jouer \u00e0 une fresque de la vigne et du vin ? <\/strong>Les joueurs sont en <strong>\u00e9quipe de 4 \u00e0 7 joueurs<\/strong>. Ils disposent de cartes repr\u00e9sentant les diff\u00e9rentes composantes du jeu et se concertent afin de <strong>retrouver les liens de cause \u00e0 effet<\/strong> en les positionnant et les <strong>reliant entre elles<\/strong>. Un <strong>animateur <\/strong>encadre  une ou plusieurs \u00e9quipes afin de les guider durant l\u2019atelier, assurer  une bonne communication entre les membres et donner des explications  suppl\u00e9mentaires.<\/p>\n\n\n\n<p><strong>En pr\u00e9sentiel<\/strong> :  Maximum 20 personnes, r\u00e9partis en 1 \u00e0 3 tables de 6\/7 personnes<\/p>\n\n\n\n<p><strong>A distance<\/strong> : minimum de 6 personnes,  maximum de 14 personnes r\u00e9parties en une \u00e0 deux 2 tables virtuelles de 4  \u00e0 7 personnes. <\/p>\n\n\n\n<p>La viticulture biologique, biodynamique, conventionnelle, les rendements, la vie microbiologique des sols, le phylloxera, les sulfites, les notions de terroirs, de c\u00e9pages, l&rsquo;influence du climat sur la vigne &#8230; apr\u00e8s avoir jou\u00e9 la fresque de la vigne, tous ces termes, ces notions et ces concepts n&rsquo;auront plus de secrets pour vous. <\/p>\n\n\n\n<figure class=\"wp-block-image size-large\"><img decoding=\"async\" src=\"https:\/\/eaudevigne.com\/wordpress\/wp-content\/uploads\/2020\/09\/image-1024x658.png\" alt=\"\" class=\"wp-image-2826\"\/><\/figure>\n\n\n\n<hr class=\"wp-block-separator\"\/>\n\n\n\n<hr class=\"wp-block-separator\"\/>\n\n\n\n<hr class=\"wp-block-separator\"\/>\n\n\n\n<p><strong>EN OPTION ++ Couplez la fresque par un atelier \u0153nologique <\/strong><\/p>\n\n\n\n<p>Les joueurs sont invit\u00e9s \u00e0 d\u00e9guster \u00e0 l&rsquo;aveugle quelques vins pendant le jeu.<\/p>\n\n\n\n<p>1 heure suppl\u00e9mentaire <\/p>\n\n\n<p><!--EndFragment--><\/p>\n\n\n<noscript class=\"ninja-forms-noscript-message\">\n\tRemarque\u00a0: JavaScript est requis pour ce contenu.<\/noscript>\nAucun champ trouv\u00e9.<div id=\"nf-form-23-cont\" class=\"nf-form-cont\" aria-live=\"polite\" aria-labelledby=\"nf-form-title-23\" aria-describedby=\"nf-form-errors-23\" role=\"form\">\n\n    <div class=\"nf-loading-spinner\"><\/div>\n\n<\/div>\n        <!-- That data is being printed as a workaround to page builders reordering the order of the scripts loaded-->\n        <script>var formDisplay=1;var nfForms=nfForms||[];var form=[];form.id='23';form.settings={\"ninjaForms\":\"Ninja Forms\",\"changeEmailErrorMsg\":\"Veuillez saisir une adresse de messagerie valide. Ex\\u00a0: jean.dupont@gmail.com\",\"changeDateErrorMsg\":\"Veuillez saisir une date valide\\u00a0!\",\"confirmFieldErrorMsg\":\"Ces champs doivent correspondre\\u00a0!\",\"fieldNumberNumMinError\":\"Erreur de nombre min.\",\"fieldNumberNumMaxError\":\"Erreur de nombre max.\",\"fieldNumberIncrementBy\":\"Veuillez incr\\u00e9menter par \",\"fieldTextareaRTEInsertLink\":\"Ins\\u00e9rer un lien\",\"fieldTextareaRTEInsertMedia\":\"Ins\\u00e9rer un m\\u00e9dia\",\"fieldTextareaRTESelectAFile\":\"S\\u00e9lectionnez un fichier\",\"formErrorsCorrectErrors\":\"Veuillez corriger les erreurs avant d\\u2019envoyer ce formulaire.\",\"formHoneypot\":\"Si vous \\u00eates un \\u00eatre humain et que vous voyez ce champ, veuillez le laisser vide.\",\"validateRequiredField\":\"Ce champ est obligatoire.\",\"honeypotHoneypotError\":\"Erreur Honeypot\",\"fileUploadOldCodeFileUploadInProgress\":\"T\\u00e9l\\u00e9versement du fichier en cours.\",\"fileUploadOldCodeFileUpload\":\"T\\u00c9L\\u00c9VERSEMENT DE FICHIER\",\"currencySymbol\":\"$\",\"fieldsMarkedRequired\":\"Les champs marqu\\u00e9s d\\u2019un <span class=\\\"ninja-forms-req-symbol\\\">*<\\\/span> sont obligatoires\",\"thousands_sep\":\"&nbsp;\",\"decimal_point\":\",\",\"siteLocale\":\"fr_FR\",\"dateFormat\":\"m\\\/d\\\/Y\",\"startOfWeek\":\"1\",\"of\":\"sur\",\"previousMonth\":\"Mois pr\\u00e9c\\u00e9dent\",\"nextMonth\":\"Mois suivant\",\"months\":[\"Janvier\",\"F\\u00e9vrier\",\"Mars\",\"Avril\",\"Mai\",\"Juin\",\"Juillet\",\"Ao\\u00fbt\",\"Septembre\",\"Octobre\",\"Novembre\",\"D\\u00e9cembre\"],\"monthsShort\":[\"Jan\",\"F\\u00e9v\",\"Mar\",\"Avr\",\"Mai\",\"Juin\",\"Juil\",\"Ao\\u00fb\",\"Sep\",\"Oct\",\"Nov\",\"D\\u00e9c\"],\"weekdays\":[\"Dimanche\",\"Lundi\",\"Mardi\",\"Mercredi\",\"Jeudi\",\"Vendredi\",\"Samedi\"],\"weekdaysShort\":[\"Dim\",\"Lun\",\"Mar\",\"Mer\",\"Jeu\",\"Ven\",\"Sam\"],\"weekdaysMin\":[\"Di\",\"Lu\",\"Ma\",\"Me\",\"Je\",\"Ve\",\"Sa\"],\"recaptchaConsentMissing\":\"reCaptcha validation couldn&#039;t load.\",\"recaptchaMissingCookie\":\"reCaptcha v3 validation couldn&#039;t load the cookie needed to submit the form.\",\"recaptchaConsentEvent\":\"Accept reCaptcha cookies before sending the form.\",\"embed_form\":\"\",\"currency_symbol\":\"\",\"title\":\"\",\"beforeForm\":\"\",\"beforeFields\":\"\",\"afterFields\":\"\",\"afterForm\":\"\"};form.fields=[];nfForms.push(form);<\/script>\n        \n","protected":false},"excerpt":{"rendered":"<p>LA FRESQUE DE LA VIGNE EN BREF En pr\u00e9sentiel ou \u00e0 distance Par tables de 4 \u00e0 7 joueurs Jeu participatif : coconstruisez votre fresque de la vigne, via l&rsquo;intelligence collective du groupe, identifiez les liens de causes \u00e0 effets entre les \u00e9l\u00e9ments r\u00e9gissant la vie du vigneron \u00e0 la vigne. Comparez la viticulture conventionnelle &hellip; <\/p>\n<p class=\"link-more\"><a href=\"https:\/\/eaudevigne.com\/wordpress\/team-building\/jeu\/\" class=\"more-link\">Continuer la lecture<span class=\"screen-reader-text\"> de &laquo;&nbsp;LA FRESQUE DE LA VIGNE&nbsp;&raquo;<\/span><\/a><\/p>\n","protected":false},"author":1,"featured_media":2845,"parent":3093,"menu_order":0,"comment_status":"closed","ping_status":"closed","template":"","meta":{"footnotes":""},"class_list":["post-2825","page","type-page","status-publish","has-post-thumbnail","hentry"],"_links":{"self":[{"href":"https:\/\/eaudevigne.com\/wordpress\/wp-json\/wp\/v2\/pages\/2825","targetHints":{"allow":["GET"]}}],"collection":[{"href":"https:\/\/eaudevigne.com\/wordpress\/wp-json\/wp\/v2\/pages"}],"about":[{"href":"https:\/\/eaudevigne.com\/wordpress\/wp-json\/wp\/v2\/types\/page"}],"author":[{"embeddable":true,"href":"https:\/\/eaudevigne.com\/wordpress\/wp-json\/wp\/v2\/users\/1"}],"replies":[{"embeddable":true,"href":"https:\/\/eaudevigne.com\/wordpress\/wp-json\/wp\/v2\/comments?post=2825"}],"version-history":[{"count":0,"href":"https:\/\/eaudevigne.com\/wordpress\/wp-json\/wp\/v2\/pages\/2825\/revisions"}],"up":[{"embeddable":true,"href":"https:\/\/eaudevigne.com\/wordpress\/wp-json\/wp\/v2\/pages\/3093"}],"wp:featuredmedia":[{"embeddable":true,"href":"https:\/\/eaudevigne.com\/wordpress\/wp-json\/wp\/v2\/media\/2845"}],"wp:attachment":[{"href":"https:\/\/eaudevigne.com\/wordpress\/wp-json\/wp\/v2\/media?parent=2825"}],"curies":[{"name":"wp","href":"https:\/\/api.w.org\/{rel}","templated":true}]}}