{"id":1983,"date":"2020-02-05T09:47:01","date_gmt":"2020-02-05T08:47:01","guid":{"rendered":"https:\/\/eaudevigne.com\/wordpress\/?page_id=1983"},"modified":"2023-11-10T14:50:55","modified_gmt":"2023-11-10T13:50:55","slug":"mariages","status":"publish","type":"page","link":"https:\/\/eaudevigne.com\/wordpress\/mariages\/","title":{"rendered":"Mariage"},"content":{"rendered":"\n<p>Avec eau de vigne, ma\u00eetrisez votre budget tout en offrant une exp\u00e9rience oenologique unique en accord avec vos objectifs ( qualit\u00e9 des vins et des accords mets-vins, r\u00e9gions de France, tour du monde, grands crus, rapport qualit\u00e9 prix imbattable, vins \u00e0 caract\u00e8re \u00e9cologique &#8230;)<\/p>\n\n\n\n<ul class=\"wp-block-list\"><li>identifiez des vins qui vous ressemblent et qui vont sublimer le cocktail et le d\u00eener.<\/li><li>b\u00e9n\u00e9ficiez des conseils d&rsquo;un professionnel des accords mets vins et calculez les quantit\u00e9s \u00e0 acheter en fonction de la nature de l&rsquo;\u00e9v\u00e8nement (vin d&rsquo;honneur, cocktail, d\u00eener, soir\u00e9e, retour de noce) et de la typologie des invit\u00e9s. <\/li><li>louez les verres \u00e0 vins eau de vigne pour une exp\u00e9rience oenologique unique (Verres \u00e0 vins et champagne Spiegelau, N\u00b01 revue des vins de France) &#8211; option<\/li><li>testez avec eau de vigne les vins recommand\u00e9s &#8211; option<\/li><\/ul>\n\n\n\n<p><a href=\"https:\/\/eaudevigne.com\/wordpress\/contact\/\">Contactez eau de vigne<\/a><\/p>\n","protected":false},"excerpt":{"rendered":"<p>Avec eau de vigne, ma\u00eetrisez votre budget tout en offrant une exp\u00e9rience oenologique unique en accord avec vos objectifs ( qualit\u00e9 des vins et des accords mets-vins, r\u00e9gions de France, tour du monde, grands crus, rapport qualit\u00e9 prix imbattable, vins \u00e0 caract\u00e8re \u00e9cologique &#8230;) identifiez des vins qui vous ressemblent et qui vont sublimer le &hellip; <\/p>\n<p class=\"link-more\"><a href=\"https:\/\/eaudevigne.com\/wordpress\/mariages\/\" class=\"more-link\">Continuer la lecture<span class=\"screen-reader-text\"> de &laquo;&nbsp;Mariage&nbsp;&raquo;<\/span><\/a><\/p>\n","protected":false},"author":1,"featured_media":3378,"parent":0,"menu_order":0,"comment_status":"closed","ping_status":"closed","template":"","meta":{"footnotes":""},"class_list":["post-1983","page","type-page","status-publish","has-post-thumbnail","hentry"],"_links":{"self":[{"href":"https:\/\/eaudevigne.com\/wordpress\/wp-json\/wp\/v2\/pages\/1983","targetHints":{"allow":["GET"]}}],"collection":[{"href":"https:\/\/eaudevigne.com\/wordpress\/wp-json\/wp\/v2\/pages"}],"about":[{"href":"https:\/\/eaudevigne.com\/wordpress\/wp-json\/wp\/v2\/types\/page"}],"author":[{"embeddable":true,"href":"https:\/\/eaudevigne.com\/wordpress\/wp-json\/wp\/v2\/users\/1"}],"replies":[{"embeddable":true,"href":"https:\/\/eaudevigne.com\/wordpress\/wp-json\/wp\/v2\/comments?post=1983"}],"version-history":[{"count":0,"href":"https:\/\/eaudevigne.com\/wordpress\/wp-json\/wp\/v2\/pages\/1983\/revisions"}],"wp:featuredmedia":[{"embeddable":true,"href":"https:\/\/eaudevigne.com\/wordpress\/wp-json\/wp\/v2\/media\/3378"}],"wp:attachment":[{"href":"https:\/\/eaudevigne.com\/wordpress\/wp-json\/wp\/v2\/media?parent=1983"}],"curies":[{"name":"wp","href":"https:\/\/api.w.org\/{rel}","templated":true}]}}