{"id":173,"date":"2017-05-22T18:06:07","date_gmt":"2017-05-22T16:06:07","guid":{"rendered":"http:\/\/eaudevigne.com\/wordpress\/?page_id=173"},"modified":"2023-11-10T12:19:08","modified_gmt":"2023-11-10T11:19:08","slug":"services","status":"publish","type":"page","link":"https:\/\/eaudevigne.com\/wordpress\/services\/","title":{"rendered":"Services"},"content":{"rendered":"<h1><img loading=\"lazy\" decoding=\"async\" class=\"alignleft  wp-image-3367\" src=\"https:\/\/eaudevigne.com\/wordpress\/wp-content\/uploads\/2023\/11\/b0a6fa1d-0c09-47bc-b6b6-c2e046aec669-150x150.jpg\" alt=\"\" width=\"327\" height=\"327\" srcset=\"https:\/\/eaudevigne.com\/wordpress\/wp-content\/uploads\/2023\/11\/b0a6fa1d-0c09-47bc-b6b6-c2e046aec669-150x150.jpg 150w, https:\/\/eaudevigne.com\/wordpress\/wp-content\/uploads\/2023\/11\/b0a6fa1d-0c09-47bc-b6b6-c2e046aec669-300x300.jpg 300w, https:\/\/eaudevigne.com\/wordpress\/wp-content\/uploads\/2023\/11\/b0a6fa1d-0c09-47bc-b6b6-c2e046aec669.jpg 1024w, https:\/\/eaudevigne.com\/wordpress\/wp-content\/uploads\/2023\/11\/b0a6fa1d-0c09-47bc-b6b6-c2e046aec669-768x768.jpg 768w, https:\/\/eaudevigne.com\/wordpress\/wp-content\/uploads\/2023\/11\/b0a6fa1d-0c09-47bc-b6b6-c2e046aec669-100x100.jpg 100w\" sizes=\"auto, (max-width: 327px) 100vw, 327px\" \/><strong>Ateliers \u0153nologiques en entreprise<\/strong><\/h1>\n<ul>\n<li>Organisez une soir\u00e9e autour du vin\n<ul>\n<li>avec votre \u00e9quipe.<\/li>\n<li>pour vos clients ou fournisseurs<\/li>\n<\/ul>\n<\/li>\n<li>D\u00e9gustation \u00e0 l&rsquo;aveugle, une vraie exp\u00e9rience des sens.<\/li>\n<li>Jeu Quizz en s\u00e9ance sur t\u00e9l\u00e9phone portable avec Grand Cru \/ Champagne \u00e0 gagner.<\/li>\n<li>Sensibilisation \u00e0 l\u2019\u0153nologie, \u00e0 la d\u00e9gustation, aux principes d&rsquo;une viticulture plus responsable,<\/li>\n<li>Dans vos locaux ou dans un lieu prestigieux de votre choix<\/li>\n<li>Bonne humeur garantie.<\/li>\n<\/ul>\n<p><a href=\"https:\/\/eaudevigne.com\/wordpress\/retours-clients\/\">Ils en parlent<\/a><\/p>\n<table class=\"nf-table-display\">\n<tbody class=\"forms-collection\">\n<tr>\n<td class=\"\"><\/td>\n<td><noscript class=\"ninja-forms-noscript-message\">\n\tRemarque\u00a0: JavaScript est requis pour ce contenu.<\/noscript>\nAucun champ trouv\u00e9.<div id=\"nf-form-21-cont\" class=\"nf-form-cont\" aria-live=\"polite\" aria-labelledby=\"nf-form-title-21\" aria-describedby=\"nf-form-errors-21\" role=\"form\">\n\n    <div class=\"nf-loading-spinner\"><\/div>\n\n<\/div>\n        <!-- That data is being printed as a workaround to page builders reordering the order of the scripts loaded-->\n        <script>var formDisplay=1;var nfForms=nfForms||[];var form=[];form.id='21';form.settings={\"ninjaForms\":\"Ninja Forms\",\"changeEmailErrorMsg\":\"Veuillez saisir une adresse de messagerie valide. Ex\\u00a0: jean.dupont@gmail.com\",\"changeDateErrorMsg\":\"Veuillez saisir une date valide\\u00a0!\",\"confirmFieldErrorMsg\":\"Ces champs doivent correspondre\\u00a0!\",\"fieldNumberNumMinError\":\"Erreur de nombre min.\",\"fieldNumberNumMaxError\":\"Erreur de nombre max.\",\"fieldNumberIncrementBy\":\"Veuillez incr\\u00e9menter par \",\"fieldTextareaRTEInsertLink\":\"Ins\\u00e9rer un lien\",\"fieldTextareaRTEInsertMedia\":\"Ins\\u00e9rer un m\\u00e9dia\",\"fieldTextareaRTESelectAFile\":\"S\\u00e9lectionnez un fichier\",\"formErrorsCorrectErrors\":\"Veuillez corriger les erreurs avant d\\u2019envoyer ce formulaire.\",\"formHoneypot\":\"Si vous \\u00eates un \\u00eatre humain et que vous voyez ce champ, veuillez le laisser vide.\",\"validateRequiredField\":\"Ce champ est obligatoire.\",\"honeypotHoneypotError\":\"Erreur Honeypot\",\"fileUploadOldCodeFileUploadInProgress\":\"T\\u00e9l\\u00e9versement du fichier en cours.\",\"fileUploadOldCodeFileUpload\":\"T\\u00c9L\\u00c9VERSEMENT DE FICHIER\",\"currencySymbol\":\"$\",\"fieldsMarkedRequired\":\"Les champs marqu\\u00e9s d\\u2019un <span class=\\\"ninja-forms-req-symbol\\\">*<\\\/span> sont obligatoires\",\"thousands_sep\":\"&nbsp;\",\"decimal_point\":\",\",\"siteLocale\":\"fr_FR\",\"dateFormat\":\"m\\\/d\\\/Y\",\"startOfWeek\":\"1\",\"of\":\"sur\",\"previousMonth\":\"Mois pr\\u00e9c\\u00e9dent\",\"nextMonth\":\"Mois suivant\",\"months\":[\"Janvier\",\"F\\u00e9vrier\",\"Mars\",\"Avril\",\"Mai\",\"Juin\",\"Juillet\",\"Ao\\u00fbt\",\"Septembre\",\"Octobre\",\"Novembre\",\"D\\u00e9cembre\"],\"monthsShort\":[\"Jan\",\"F\\u00e9v\",\"Mar\",\"Avr\",\"Mai\",\"Juin\",\"Juil\",\"Ao\\u00fb\",\"Sep\",\"Oct\",\"Nov\",\"D\\u00e9c\"],\"weekdays\":[\"Dimanche\",\"Lundi\",\"Mardi\",\"Mercredi\",\"Jeudi\",\"Vendredi\",\"Samedi\"],\"weekdaysShort\":[\"Dim\",\"Lun\",\"Mar\",\"Mer\",\"Jeu\",\"Ven\",\"Sam\"],\"weekdaysMin\":[\"Di\",\"Lu\",\"Ma\",\"Me\",\"Je\",\"Ve\",\"Sa\"],\"recaptchaConsentMissing\":\"reCaptcha validation couldn&#039;t load.\",\"recaptchaMissingCookie\":\"reCaptcha v3 validation couldn&#039;t load the cookie needed to submit the form.\",\"recaptchaConsentEvent\":\"Accept reCaptcha cookies before sending the form.\",\"embed_form\":\"\",\"currency_symbol\":\"\",\"title\":\"\",\"beforeForm\":\"\",\"beforeFields\":\"\",\"afterFields\":\"\",\"afterForm\":\"\"};form.fields=[];nfForms.push(form);<\/script>\n        <\/td>\n<\/tr>\n<\/tbody>\n<\/table>\n<hr \/>\n<p style=\"text-align: center;\"><a href=\"https:\/\/eaudevigne.com\/wordpress\/jeu\/\">NEW : FORMATION OENOLOGIQUE<\/a><\/p>\n<p style=\"text-align: center;\"><a href=\"https:\/\/eaudevigne.com\/wordpress\/formation-climat-degustation-eau-de-vigne\/\">NEW : ATELIER OENO &amp; CLIMAT<\/a><\/p>\n<hr \/>\n<h1><img loading=\"lazy\" decoding=\"async\" class=\"alignleft  wp-image-3374\" src=\"https:\/\/eaudevigne.com\/wordpress\/wp-content\/uploads\/2023\/11\/02v12-150x150.jpg\" alt=\"\" width=\"463\" height=\"463\" srcset=\"https:\/\/eaudevigne.com\/wordpress\/wp-content\/uploads\/2023\/11\/02v12-150x150.jpg 150w, https:\/\/eaudevigne.com\/wordpress\/wp-content\/uploads\/2023\/11\/02v12-300x300.jpg 300w, https:\/\/eaudevigne.com\/wordpress\/wp-content\/uploads\/2023\/11\/02v12.jpg 1024w, https:\/\/eaudevigne.com\/wordpress\/wp-content\/uploads\/2023\/11\/02v12-768x768.jpg 768w, https:\/\/eaudevigne.com\/wordpress\/wp-content\/uploads\/2023\/11\/02v12-100x100.jpg 100w\" sizes=\"auto, (max-width: 463px) 100vw, 463px\" \/><strong>D\u00e9gustation \/ vente de vin \u00e0 domicile<\/strong><strong><br \/>\n<\/strong><\/h1>\n<p>Organisez chez vous une soir\u00e9e de d\u00e9gustation de vin \u00e0 caract\u00e8re \u00e9cologique pour trois fois rien :<\/p>\n<ul>\n<li><span id=\"p16\">Planifiez votre soir\u00e9e avec vos coll\u00e8gues \/ amis. 10 personnes minimum.<br \/>\n<\/span><\/li>\n<li><span id=\"p24\">L&rsquo;option la plus courante : chacun participe en amenant charcuterie, fromage, amuses bouches, g\u00e2teaux au chocolat, <strong>eau de vigne<\/strong> se chargeant de toute la partie &laquo;&nbsp;\u0153nologie&nbsp;&raquo; (vins, verres &#8230;.)<br \/>\n<\/span><\/li>\n<li>Les vins sont d\u00e9gust\u00e9s \u00e0 l&rsquo;aveugle<\/li>\n<li><span id=\"p23\">\u00c0 l&rsquo;issue, les invit\u00e9s ont la possibilit\u00e9 d&rsquo;acheter les vins qui leur ont plu. <\/span>Ils repartent avec leurs vins<\/li>\n<li>Une participation au frais d&rsquo;environ 10\u20ac par participant est \u00e0 pr\u00e9voir &#8211; peut varier en fonction de la d\u00e9gustation choisie et du nombre de participants)<\/li>\n<\/ul>\n<p><a href=\"http:\/\/eaudevigne.com\/wordpress\/le-concept\/\">Plus d&rsquo;info<\/a><\/p>\n<h1><strong><img loading=\"lazy\" decoding=\"async\" class=\"alignleft  wp-image-3375\" src=\"https:\/\/eaudevigne.com\/wordpress\/wp-content\/uploads\/2023\/11\/02v13-150x150.jpg\" alt=\"\" width=\"364\" height=\"364\" srcset=\"https:\/\/eaudevigne.com\/wordpress\/wp-content\/uploads\/2023\/11\/02v13-150x150.jpg 150w, https:\/\/eaudevigne.com\/wordpress\/wp-content\/uploads\/2023\/11\/02v13-300x300.jpg 300w, https:\/\/eaudevigne.com\/wordpress\/wp-content\/uploads\/2023\/11\/02v13.jpg 1024w, https:\/\/eaudevigne.com\/wordpress\/wp-content\/uploads\/2023\/11\/02v13-768x768.jpg 768w, https:\/\/eaudevigne.com\/wordpress\/wp-content\/uploads\/2023\/11\/02v13-100x100.jpg 100w\" sizes=\"auto, (max-width: 364px) 100vw, 364px\" \/>Cadeaux vins<\/strong><\/h1>\n<ul>\n<li>Offrez des coffrets \/ cadeaux vins pour remercier. Champagne, Grands Cru, Bourgogne, Vins de Terroirs, Tour du monde.<\/li>\n<\/ul>\n<p><a href=\"http:\/\/eaudevigne.com\/wordpress\/contact\/\">Contactez nous.<\/a><\/p>\n<h1><strong><img loading=\"lazy\" decoding=\"async\" class=\"alignleft  wp-image-3376\" src=\"https:\/\/eaudevigne.com\/wordpress\/wp-content\/uploads\/2023\/11\/02v14-150x150.jpg\" alt=\"\" width=\"267\" height=\"267\" srcset=\"https:\/\/eaudevigne.com\/wordpress\/wp-content\/uploads\/2023\/11\/02v14-150x150.jpg 150w, https:\/\/eaudevigne.com\/wordpress\/wp-content\/uploads\/2023\/11\/02v14-300x300.jpg 300w, https:\/\/eaudevigne.com\/wordpress\/wp-content\/uploads\/2023\/11\/02v14.jpg 1024w, https:\/\/eaudevigne.com\/wordpress\/wp-content\/uploads\/2023\/11\/02v14-768x768.jpg 768w, https:\/\/eaudevigne.com\/wordpress\/wp-content\/uploads\/2023\/11\/02v14-100x100.jpg 100w\" sizes=\"auto, (max-width: 267px) 100vw, 267px\" \/>Vente \u00e0 emporter &#8211; (dans le 78)<\/strong><\/h1>\n<ul>\n<li>\u00e0 l&rsquo;unit\u00e9 ou \u00e0 la caisse de 6. Nombreux vins \u00e0 prix domaine.<\/li>\n<li><a href=\"http:\/\/eaudevigne.com\/o2v\/\">acc\u00e9dez \u00e0 la cave priv\u00e9e eau de vigne<\/a><\/li>\n<li><a href=\"https:\/\/eaudevigne.com\/wordpress\/contact\/\">demandez un acc\u00e8s<\/a><\/li>\n<li>envois possibles<\/li>\n<\/ul>\n<h1><strong><img loading=\"lazy\" decoding=\"async\" class=\"alignleft  wp-image-3378\" src=\"https:\/\/eaudevigne.com\/wordpress\/wp-content\/uploads\/2023\/11\/ef15ae2a-1c33-4b1d-94ec-75552b4442f0-150x150.jpg\" alt=\"\" width=\"435\" height=\"435\" srcset=\"https:\/\/eaudevigne.com\/wordpress\/wp-content\/uploads\/2023\/11\/ef15ae2a-1c33-4b1d-94ec-75552b4442f0-150x150.jpg 150w, https:\/\/eaudevigne.com\/wordpress\/wp-content\/uploads\/2023\/11\/ef15ae2a-1c33-4b1d-94ec-75552b4442f0-300x300.jpg 300w, https:\/\/eaudevigne.com\/wordpress\/wp-content\/uploads\/2023\/11\/ef15ae2a-1c33-4b1d-94ec-75552b4442f0.jpg 1024w, https:\/\/eaudevigne.com\/wordpress\/wp-content\/uploads\/2023\/11\/ef15ae2a-1c33-4b1d-94ec-75552b4442f0-768x768.jpg 768w, https:\/\/eaudevigne.com\/wordpress\/wp-content\/uploads\/2023\/11\/ef15ae2a-1c33-4b1d-94ec-75552b4442f0-100x100.jpg 100w\" sizes=\"auto, (max-width: 435px) 100vw, 435px\" \/>Mariage<\/strong><\/h1>\n<p>&laquo;&nbsp;eau de vigne&nbsp;&raquo; dans ses ateliers d\u00e9montre qu&rsquo;un vin bien choisit sublime un plat, et que le plat en retour sublime le vin : c&rsquo;est la synergie de l&rsquo;accord mets-vins, ou comment 1+1=3.\u00a0 Faites vous conseiller par un expert des <strong>vins \u00e0 caract\u00e8re \u00e9cologique<\/strong> pour faire de votre mariage un \u00e9v\u00e8nement sensoriel unique.<\/p>\n<p>Testez eau de vigne, vous serez surpris par le rapport qualit\u00e9 prix du service : une prestation offerte \u00e0 partir de 1000\u20ac d&rsquo;achat, des vins \u00e0 prix domaine (ou tr\u00e8s proche ) et r\u00e9alis\u00e9s par des vignerons au grand c\u0153ur.<\/p>\n<p><a href=\"https:\/\/eaudevigne.com\/wordpress\/mariages\/\">Plus d&rsquo;infos<\/a><\/p>\n<p><a href=\"https:\/\/eaudevigne.com\/wordpress\/contact\/\">Contactez nous<\/a><\/p>\n","protected":false},"excerpt":{"rendered":"<p>Ateliers \u0153nologiques en entreprise Organisez une soir\u00e9e autour du vin avec votre \u00e9quipe. pour vos clients ou fournisseurs D\u00e9gustation \u00e0 l&rsquo;aveugle, une vraie exp\u00e9rience des sens. Jeu Quizz en s\u00e9ance sur t\u00e9l\u00e9phone portable avec Grand Cru \/ Champagne \u00e0 gagner. Sensibilisation \u00e0 l\u2019\u0153nologie, \u00e0 la d\u00e9gustation, aux principes d&rsquo;une viticulture plus responsable, Dans vos locaux &hellip; <\/p>\n<p class=\"link-more\"><a href=\"https:\/\/eaudevigne.com\/wordpress\/services\/\" class=\"more-link\">Continuer la lecture<span class=\"screen-reader-text\"> de &laquo;&nbsp;Services&nbsp;&raquo;<\/span><\/a><\/p>\n","protected":false},"author":1,"featured_media":3371,"parent":0,"menu_order":0,"comment_status":"closed","ping_status":"closed","template":"","meta":{"footnotes":""},"class_list":["post-173","page","type-page","status-publish","has-post-thumbnail","hentry"],"_links":{"self":[{"href":"https:\/\/eaudevigne.com\/wordpress\/wp-json\/wp\/v2\/pages\/173","targetHints":{"allow":["GET"]}}],"collection":[{"href":"https:\/\/eaudevigne.com\/wordpress\/wp-json\/wp\/v2\/pages"}],"about":[{"href":"https:\/\/eaudevigne.com\/wordpress\/wp-json\/wp\/v2\/types\/page"}],"author":[{"embeddable":true,"href":"https:\/\/eaudevigne.com\/wordpress\/wp-json\/wp\/v2\/users\/1"}],"replies":[{"embeddable":true,"href":"https:\/\/eaudevigne.com\/wordpress\/wp-json\/wp\/v2\/comments?post=173"}],"version-history":[{"count":0,"href":"https:\/\/eaudevigne.com\/wordpress\/wp-json\/wp\/v2\/pages\/173\/revisions"}],"wp:featuredmedia":[{"embeddable":true,"href":"https:\/\/eaudevigne.com\/wordpress\/wp-json\/wp\/v2\/media\/3371"}],"wp:attachment":[{"href":"https:\/\/eaudevigne.com\/wordpress\/wp-json\/wp\/v2\/media?parent=173"}],"curies":[{"name":"wp","href":"https:\/\/api.w.org\/{rel}","templated":true}]}}