{"id":141,"date":"2017-05-19T15:25:00","date_gmt":"2017-05-19T13:25:00","guid":{"rendered":"http:\/\/eaudevigne.com\/wordpress\/?page_id=141"},"modified":"2023-11-10T15:50:55","modified_gmt":"2023-11-10T14:50:55","slug":"le-concept","status":"publish","type":"page","link":"https:\/\/eaudevigne.com\/wordpress\/le-concept\/","title":{"rendered":"La d\u00e9gustation vente \u00e0 domicile"},"content":{"rendered":"<h1><strong>L&rsquo;organisation d&rsquo;une soir\u00e9e de d\u00e9gustation vente \u00e0 la maison<br \/><\/strong><\/h1>\n<h1><strong>Pour l&rsquo;H\u00f4te<\/strong><\/h1>\n<ul>\n<li>J&rsquo;arr\u00eate une date pour une d\u00e9gustation<\/li>\n<li>J&rsquo;invite mes amis\/ relations \/famille (minimum 10 personnes) et leur envoie un petit questionnaire<\/li>\n<li>Le jour J, je les re\u00e7ois chez moi, simplement, chacun participant \u00e0 l&rsquo;organisation de la d\u00e9gustation en apportant des petites choses \u00e0 grignoter, les vins et les verres \u00e9tant fournis par <span id=\"p158\"><span style=\"color: #439c92;\"><strong>eau de vigne<\/strong><\/span><\/span><\/li>\n<\/ul>\n<h1><strong>Pour l&rsquo;Invit\u00e9<\/strong><\/h1>\n<ul>\n<li>Je re\u00e7ois une invitation pour une d\u00e9gustation<\/li>\n<li>Je r\u00e9ponds, j&rsquo;invite des amis si l&rsquo;h\u00f4te me le propose<\/li>\n<li>Le jour J, je me rends chez l&rsquo;h\u00f4te avec ce que j&rsquo;ai pr\u00e9vu de faire partager (fromage, charcuterie, petits fours&#8230;)<\/li>\n<li>J&rsquo;honore mon PAF<\/li>\n<li>Je peux acheter les vins qui m&rsquo;int\u00e9ressent et je repars avec le soir m\u00eame.<\/li>\n<\/ul>\n<h2><strong>Le d\u00e9roulement d&rsquo;une soir\u00e9e<\/strong><\/h2>\n<ul>\n<li>\u00a0Les convives sont invit\u00e9s \u00e0 d\u00e9guster 5 vins <strong>\u00e0 l&rsquo;aveugle<\/strong> et \u00e0 \u00e9changer collectivement sur ceux ci.<\/li>\n<li>Certaines associations mets vins sont r\u00e9alis\u00e9es, certaines heureuses, d&rsquo;autres moins, toutes donnent l&rsquo;occasion d&rsquo;\u00e9changer et approfondir la compr\u00e9hension des vins<\/li>\n<li>Les invit\u00e9s qui le d\u00e9sirent ont l&rsquo;opportunit\u00e9 d\u2019acheter les vins, la plupart \u00e9tant <strong>au<\/strong> <strong>prix domaine lorsque achet\u00e9s par caisse<\/strong> [x6] (ou sinon s&rsquo;en rapprochant).<\/li>\n<li><strong>Les invit\u00e9s repartent le soir m\u00eame avec leurs commandes.<\/strong><\/li>\n<\/ul>\n<p>eau de vigne cherche \u00e0 vous fournir de la valeur \u00e0 tous niveaux : conseils \u0153nologiques dans une ambiance conviviale, vins \u00e0 caract\u00e8re \u00e9cologique, une s\u00e9lection de vins tr\u00e8s pointue, et des prix au plus juste. Profitez en.<\/p>\n<h2><strong>Les Vins<\/strong><\/h2>\n<p><span id=\"p158\"><span style=\"color: #439c92;\"><strong>eau de vigne<\/strong><\/span> se concentre \u00e0 identifier de petites perles r\u00e9alis\u00e9es dans une approche respectueuse des sols et <span id=\"170\">de la<\/span> vie.<\/span><span id=\"p176\"> Pour cette raison, les vins pr\u00e9sent\u00e9s et vendus sont le fruit d&rsquo;une recherche r\u00e9guli\u00e8re, longue et minutieuse, ou la qualit\u00e9 des vins rejoint la vision durable du vigneron.<\/span><span id=\"p160\"> Ils sont parfois certifi\u00e9s Bio ou Biodynamiques, ou encore Haute Valeur Environnemental.<\/span><span id=\"p177\"> Parfois, ils n&rsquo;ont aucun label.<\/span><\/p>\n<h2><strong>Les Kits de d\u00e9gustation<br \/><\/strong><\/h2>\n<p>Pour essayer les d\u00e9gustations \u00e0 l&rsquo;aveugle et y revenir, 6 kits de vins \u00e0 caract\u00e8re \u00e9cologique ont \u00e9t\u00e9 s\u00e9lectionn\u00e9s pour vous. Pour une premi\u00e8re fois avec eau de vigne, il est pr\u00e9f\u00e9rable de commencer par le KIT1.<\/p>\n<ol>\n<li style=\"list-style-type: none;\">\u00a0<\/li>\n<\/ol>\n<p>\/* certains kits pourront n\u00e9cessiter une participation aux frais sup\u00e9rieurs \u00e0 10\u20ac &#8211; d\u00e9pends du nombre de convives et des vins choisis *\/ <\/p>\n<p>Soir\u00e9es disponibles dans le 78, le 92 et le 75<\/p>\n\n\n<div class=\"wp-block-media-text alignwide is-stacked-on-mobile\" style=\"grid-template-columns:66% auto\"><figure class=\"wp-block-media-text__media\"><img loading=\"lazy\" decoding=\"async\" width=\"1024\" height=\"1024\" src=\"https:\/\/eaudevigne.com\/wordpress\/wp-content\/uploads\/2023\/11\/02v16-1024x1024.jpg\" alt=\"\" class=\"wp-image-3392 size-full\" srcset=\"https:\/\/eaudevigne.com\/wordpress\/wp-content\/uploads\/2023\/11\/02v16.jpg 1024w, https:\/\/eaudevigne.com\/wordpress\/wp-content\/uploads\/2023\/11\/02v16-300x300.jpg 300w, https:\/\/eaudevigne.com\/wordpress\/wp-content\/uploads\/2023\/11\/02v16-150x150.jpg 150w, https:\/\/eaudevigne.com\/wordpress\/wp-content\/uploads\/2023\/11\/02v16-768x768.jpg 768w, https:\/\/eaudevigne.com\/wordpress\/wp-content\/uploads\/2023\/11\/02v16-100x100.jpg 100w\" sizes=\"auto, (max-width: 767px) 89vw, (max-width: 1000px) 54vw, (max-width: 1071px) 543px, 580px\" \/><\/figure><div class=\"wp-block-media-text__content\">\n<p class=\"has-large-font-size\">(KIT1)<\/p>\n\n\n\n<p class=\"has-large-font-size\">LE TOUR DE FRANCE<\/p>\n<\/div><\/div>\n\n\n\n<div class=\"wp-block-media-text alignwide is-stacked-on-mobile\" style=\"grid-template-columns:66% auto\"><figure class=\"wp-block-media-text__media\"><img loading=\"lazy\" decoding=\"async\" width=\"1024\" height=\"1024\" src=\"https:\/\/eaudevigne.com\/wordpress\/wp-content\/uploads\/2023\/11\/02v17-1024x1024.jpg\" alt=\"\" class=\"wp-image-3393 size-full\" srcset=\"https:\/\/eaudevigne.com\/wordpress\/wp-content\/uploads\/2023\/11\/02v17.jpg 1024w, https:\/\/eaudevigne.com\/wordpress\/wp-content\/uploads\/2023\/11\/02v17-300x300.jpg 300w, https:\/\/eaudevigne.com\/wordpress\/wp-content\/uploads\/2023\/11\/02v17-150x150.jpg 150w, https:\/\/eaudevigne.com\/wordpress\/wp-content\/uploads\/2023\/11\/02v17-768x768.jpg 768w, https:\/\/eaudevigne.com\/wordpress\/wp-content\/uploads\/2023\/11\/02v17-100x100.jpg 100w\" sizes=\"auto, (max-width: 767px) 89vw, (max-width: 1000px) 54vw, (max-width: 1071px) 543px, 580px\" \/><\/figure><div class=\"wp-block-media-text__content\">\n<p class=\"has-large-font-size\">(KIT2)<\/p>\n\n\n\n<p class=\"has-large-font-size\">LE TOUR DU MONDE<\/p>\n<\/div><\/div>\n\n\n\n<div class=\"wp-block-media-text alignwide is-stacked-on-mobile\" style=\"grid-template-columns:66% auto\"><figure class=\"wp-block-media-text__media\"><img loading=\"lazy\" decoding=\"async\" width=\"1024\" height=\"1024\" src=\"https:\/\/eaudevigne.com\/wordpress\/wp-content\/uploads\/2023\/11\/O2V19-1024x1024.jpg\" alt=\"\" class=\"wp-image-3396 size-full\" srcset=\"https:\/\/eaudevigne.com\/wordpress\/wp-content\/uploads\/2023\/11\/O2V19.jpg 1024w, https:\/\/eaudevigne.com\/wordpress\/wp-content\/uploads\/2023\/11\/O2V19-300x300.jpg 300w, https:\/\/eaudevigne.com\/wordpress\/wp-content\/uploads\/2023\/11\/O2V19-150x150.jpg 150w, https:\/\/eaudevigne.com\/wordpress\/wp-content\/uploads\/2023\/11\/O2V19-768x768.jpg 768w, https:\/\/eaudevigne.com\/wordpress\/wp-content\/uploads\/2023\/11\/O2V19-100x100.jpg 100w\" sizes=\"auto, (max-width: 767px) 89vw, (max-width: 1000px) 54vw, (max-width: 1071px) 543px, 580px\" \/><\/figure><div class=\"wp-block-media-text__content\">\n<p class=\"has-large-font-size\">(KIT3)<\/p>\n\n\n\n<p class=\"has-large-font-size\">COUP DE C\u0152URS<\/p>\n<\/div><\/div>\n\n\n\n<div class=\"wp-block-media-text alignwide is-stacked-on-mobile\" style=\"grid-template-columns:66% auto\"><figure class=\"wp-block-media-text__media\"><img loading=\"lazy\" decoding=\"async\" width=\"1024\" height=\"1024\" src=\"https:\/\/eaudevigne.com\/wordpress\/wp-content\/uploads\/2023\/11\/4f677731-9390-4833-8f5d-353e16da9e57-1024x1024.jpg\" alt=\"\" class=\"wp-image-3399 size-full\" srcset=\"https:\/\/eaudevigne.com\/wordpress\/wp-content\/uploads\/2023\/11\/4f677731-9390-4833-8f5d-353e16da9e57.jpg 1024w, https:\/\/eaudevigne.com\/wordpress\/wp-content\/uploads\/2023\/11\/4f677731-9390-4833-8f5d-353e16da9e57-300x300.jpg 300w, https:\/\/eaudevigne.com\/wordpress\/wp-content\/uploads\/2023\/11\/4f677731-9390-4833-8f5d-353e16da9e57-150x150.jpg 150w, https:\/\/eaudevigne.com\/wordpress\/wp-content\/uploads\/2023\/11\/4f677731-9390-4833-8f5d-353e16da9e57-768x768.jpg 768w, https:\/\/eaudevigne.com\/wordpress\/wp-content\/uploads\/2023\/11\/4f677731-9390-4833-8f5d-353e16da9e57-100x100.jpg 100w\" sizes=\"auto, (max-width: 767px) 89vw, (max-width: 1000px) 54vw, (max-width: 1071px) 543px, 580px\" \/><\/figure><div class=\"wp-block-media-text__content\">\n<p class=\"has-large-font-size\">(KIT4)<\/p>\n\n\n\n<p class=\"has-large-font-size\">TERROIRS<\/p>\n<\/div><\/div>\n\n\n\n<div class=\"wp-block-media-text alignwide is-stacked-on-mobile\" style=\"grid-template-columns:66% auto\"><figure class=\"wp-block-media-text__media\"><img loading=\"lazy\" decoding=\"async\" width=\"1024\" height=\"1024\" src=\"https:\/\/eaudevigne.com\/wordpress\/wp-content\/uploads\/2023\/11\/O2V26-1024x1024.jpg\" alt=\"\" class=\"wp-image-3419 size-full\" srcset=\"https:\/\/eaudevigne.com\/wordpress\/wp-content\/uploads\/2023\/11\/O2V26.jpg 1024w, https:\/\/eaudevigne.com\/wordpress\/wp-content\/uploads\/2023\/11\/O2V26-300x300.jpg 300w, https:\/\/eaudevigne.com\/wordpress\/wp-content\/uploads\/2023\/11\/O2V26-150x150.jpg 150w, https:\/\/eaudevigne.com\/wordpress\/wp-content\/uploads\/2023\/11\/O2V26-768x768.jpg 768w, https:\/\/eaudevigne.com\/wordpress\/wp-content\/uploads\/2023\/11\/O2V26-100x100.jpg 100w\" sizes=\"auto, (max-width: 767px) 89vw, (max-width: 1000px) 54vw, (max-width: 1071px) 543px, 580px\" \/><\/figure><div class=\"wp-block-media-text__content\">\n<p class=\"has-large-font-size\">(KIT5)<\/p>\n\n\n\n<p class=\"has-large-font-size\">GRAND CRU<\/p>\n<\/div><\/div>\n\n\n\n<div class=\"wp-block-media-text alignwide is-stacked-on-mobile\" style=\"grid-template-columns:66% auto\"><figure class=\"wp-block-media-text__media\"><img loading=\"lazy\" decoding=\"async\" width=\"1024\" height=\"1024\" src=\"https:\/\/eaudevigne.com\/wordpress\/wp-content\/uploads\/2023\/11\/o2v27.jpg\" alt=\"\" class=\"wp-image-3421 size-full\" srcset=\"https:\/\/eaudevigne.com\/wordpress\/wp-content\/uploads\/2023\/11\/o2v27.jpg 1024w, https:\/\/eaudevigne.com\/wordpress\/wp-content\/uploads\/2023\/11\/o2v27-300x300.jpg 300w, https:\/\/eaudevigne.com\/wordpress\/wp-content\/uploads\/2023\/11\/o2v27-150x150.jpg 150w, https:\/\/eaudevigne.com\/wordpress\/wp-content\/uploads\/2023\/11\/o2v27-768x768.jpg 768w, https:\/\/eaudevigne.com\/wordpress\/wp-content\/uploads\/2023\/11\/o2v27-100x100.jpg 100w\" sizes=\"auto, (max-width: 767px) 89vw, (max-width: 1000px) 54vw, (max-width: 1071px) 543px, 580px\" \/><\/figure><div class=\"wp-block-media-text__content\">\n<p class=\"has-large-font-size\">(KIT6)<\/p>\n\n\n\n<p class=\"has-large-font-size\">ACCORD METS-VINS<\/p>\n<\/div><\/div>\n\n\n\n<p><\/p>\n\n\n<noscript class=\"ninja-forms-noscript-message\">\n\tRemarque\u00a0: JavaScript est requis pour ce contenu.<\/noscript>\nAucun champ trouv\u00e9.<div id=\"nf-form-28-cont\" class=\"nf-form-cont\" aria-live=\"polite\" aria-labelledby=\"nf-form-title-28\" aria-describedby=\"nf-form-errors-28\" role=\"form\">\n\n    <div class=\"nf-loading-spinner\"><\/div>\n\n<\/div>\n        <!-- That data is being printed as a workaround to page builders reordering the order of the scripts loaded-->\n        <script>var formDisplay=1;var nfForms=nfForms||[];var form=[];form.id='28';form.settings={\"ninjaForms\":\"Ninja Forms\",\"changeEmailErrorMsg\":\"Veuillez saisir une adresse de messagerie valide. Ex\\u00a0: jean.dupont@gmail.com\",\"changeDateErrorMsg\":\"Veuillez saisir une date valide\\u00a0!\",\"confirmFieldErrorMsg\":\"Ces champs doivent correspondre\\u00a0!\",\"fieldNumberNumMinError\":\"Erreur de nombre min.\",\"fieldNumberNumMaxError\":\"Erreur de nombre max.\",\"fieldNumberIncrementBy\":\"Veuillez incr\\u00e9menter par \",\"fieldTextareaRTEInsertLink\":\"Ins\\u00e9rer un lien\",\"fieldTextareaRTEInsertMedia\":\"Ins\\u00e9rer un m\\u00e9dia\",\"fieldTextareaRTESelectAFile\":\"S\\u00e9lectionnez un fichier\",\"formErrorsCorrectErrors\":\"Veuillez corriger les erreurs avant d\\u2019envoyer ce formulaire.\",\"formHoneypot\":\"Si vous \\u00eates un \\u00eatre humain et que vous voyez ce champ, veuillez le laisser vide.\",\"validateRequiredField\":\"Ce champ est obligatoire.\",\"honeypotHoneypotError\":\"Erreur Honeypot\",\"fileUploadOldCodeFileUploadInProgress\":\"T\\u00e9l\\u00e9versement du fichier en cours.\",\"fileUploadOldCodeFileUpload\":\"T\\u00c9L\\u00c9VERSEMENT DE FICHIER\",\"currencySymbol\":\"$\",\"fieldsMarkedRequired\":\"Les champs marqu\\u00e9s d\\u2019un <span class=\\\"ninja-forms-req-symbol\\\">*<\\\/span> sont obligatoires\",\"thousands_sep\":\"&nbsp;\",\"decimal_point\":\",\",\"siteLocale\":\"fr_FR\",\"dateFormat\":\"m\\\/d\\\/Y\",\"startOfWeek\":\"1\",\"of\":\"sur\",\"previousMonth\":\"Mois pr\\u00e9c\\u00e9dent\",\"nextMonth\":\"Mois suivant\",\"months\":[\"Janvier\",\"F\\u00e9vrier\",\"Mars\",\"Avril\",\"Mai\",\"Juin\",\"Juillet\",\"Ao\\u00fbt\",\"Septembre\",\"Octobre\",\"Novembre\",\"D\\u00e9cembre\"],\"monthsShort\":[\"Jan\",\"F\\u00e9v\",\"Mar\",\"Avr\",\"Mai\",\"Juin\",\"Juil\",\"Ao\\u00fb\",\"Sep\",\"Oct\",\"Nov\",\"D\\u00e9c\"],\"weekdays\":[\"Dimanche\",\"Lundi\",\"Mardi\",\"Mercredi\",\"Jeudi\",\"Vendredi\",\"Samedi\"],\"weekdaysShort\":[\"Dim\",\"Lun\",\"Mar\",\"Mer\",\"Jeu\",\"Ven\",\"Sam\"],\"weekdaysMin\":[\"Di\",\"Lu\",\"Ma\",\"Me\",\"Je\",\"Ve\",\"Sa\"],\"recaptchaConsentMissing\":\"reCaptcha validation couldn&#039;t load.\",\"recaptchaMissingCookie\":\"reCaptcha v3 validation couldn&#039;t load the cookie needed to submit the form.\",\"recaptchaConsentEvent\":\"Accept reCaptcha cookies before sending the form.\",\"embed_form\":\"\",\"currency_symbol\":\"\",\"title\":\"\",\"beforeForm\":\"\",\"beforeFields\":\"\",\"afterFields\":\"\",\"afterForm\":\"\"};form.fields=[];nfForms.push(form);<\/script>\n        \n\n\n\n<h2 class=\"wp-block-heading\"><a href=\"https:\/\/www.google.fr\/maps\/place\/EAU+DE+VIGNE\/@48.873217,2.0660913,17z\/data=!3m1!4b1!4m5!3m4!1s0x47e6886e4a2cec4f:0x75c0ee39b9002cbd!8m2!3d48.873217!4d2.06828\">Retours clients<\/a><\/h2>\n\n\n\n<p><a href=\"mailto:romain.miller@eaudevigne.com\" target=\"_blank\" rel=\"noreferrer noopener\">email<\/a><\/p>\n","protected":false},"excerpt":{"rendered":"<p>L&rsquo;organisation d&rsquo;une soir\u00e9e de d\u00e9gustation vente \u00e0 la maison Pour l&rsquo;H\u00f4te J&rsquo;arr\u00eate une date pour une d\u00e9gustation J&rsquo;invite mes amis\/ relations \/famille (minimum 10 personnes) et leur envoie un petit questionnaire Le jour J, je les re\u00e7ois chez moi, simplement, chacun participant \u00e0 l&rsquo;organisation de la d\u00e9gustation en apportant des petites choses \u00e0 grignoter, les &hellip; <\/p>\n<p class=\"link-more\"><a href=\"https:\/\/eaudevigne.com\/wordpress\/le-concept\/\" class=\"more-link\">Continuer la lecture<span class=\"screen-reader-text\"> de &laquo;&nbsp;La d\u00e9gustation vente \u00e0 domicile&nbsp;&raquo;<\/span><\/a><\/p>\n","protected":false},"author":1,"featured_media":3389,"parent":0,"menu_order":0,"comment_status":"closed","ping_status":"closed","template":"","meta":{"footnotes":""},"class_list":["post-141","page","type-page","status-publish","has-post-thumbnail","hentry"],"_links":{"self":[{"href":"https:\/\/eaudevigne.com\/wordpress\/wp-json\/wp\/v2\/pages\/141","targetHints":{"allow":["GET"]}}],"collection":[{"href":"https:\/\/eaudevigne.com\/wordpress\/wp-json\/wp\/v2\/pages"}],"about":[{"href":"https:\/\/eaudevigne.com\/wordpress\/wp-json\/wp\/v2\/types\/page"}],"author":[{"embeddable":true,"href":"https:\/\/eaudevigne.com\/wordpress\/wp-json\/wp\/v2\/users\/1"}],"replies":[{"embeddable":true,"href":"https:\/\/eaudevigne.com\/wordpress\/wp-json\/wp\/v2\/comments?post=141"}],"version-history":[{"count":0,"href":"https:\/\/eaudevigne.com\/wordpress\/wp-json\/wp\/v2\/pages\/141\/revisions"}],"wp:featuredmedia":[{"embeddable":true,"href":"https:\/\/eaudevigne.com\/wordpress\/wp-json\/wp\/v2\/media\/3389"}],"wp:attachment":[{"href":"https:\/\/eaudevigne.com\/wordpress\/wp-json\/wp\/v2\/media?parent=141"}],"curies":[{"name":"wp","href":"https:\/\/api.w.org\/{rel}","templated":true}]}}