{"id":128,"date":"2017-05-19T13:23:56","date_gmt":"2017-05-19T11:23:56","guid":{"rendered":"http:\/\/eaudevigne.com\/wordpress\/?page_id=128"},"modified":"2023-11-09T12:06:25","modified_gmt":"2023-11-09T11:06:25","slug":"veni-vidi-vitis","status":"publish","type":"page","link":"https:\/\/eaudevigne.com\/wordpress\/","title":{"rendered":"VENI VIDI VITIS"},"content":{"rendered":"<p>Bienvenue sur le site d&rsquo;<span style=\"color: #439c92;\" data-darkreader-inline-color=\"\"><strong>eau de vigne<\/strong><\/span><\/p>\n<p><span style=\"color: #439c92;\" data-darkreader-inline-color=\"\"><strong>eau de vigne<\/strong><\/span> r\u00e9alise des <strong>ateliers \u0153nologiques en entreprise<\/strong> et des d<strong>\u00e9gustations et ventes de vins en r\u00e9union<\/strong> sur des vins \u00e0 caract\u00e8re \u00e9cologique.<\/p>\n<p>Ces sessions de d\u00e9gustations seront pour vous l&rsquo;occasion d&rsquo;apprendre sur les vins, sur les vignerons et la viticulture responsable,&nbsp; sur l&rsquo;art et les \u00e9motions de la d\u00e9gustation. Alors n&rsquo;h\u00e9sitez plus, venez passer avec <span style=\"color: #439c92;\" data-darkreader-inline-color=\"\"><strong>eau de vigne<\/strong><\/span> une soir\u00e9e originale sous la th\u00e9matique du vin,<\/p>\n\n\n<div class=\"wp-block-group\"><div class=\"wp-block-group__inner-container is-layout-flow wp-block-group-is-layout-flow\"><\/div><\/div>\n\n\n\n<p><\/p>\n","protected":false},"excerpt":{"rendered":"<p>Bienvenue sur le site d&rsquo;eau de vigne eau de vigne r\u00e9alise des ateliers \u0153nologiques en entreprise et des d\u00e9gustations et ventes de vins en r\u00e9union sur des vins \u00e0 caract\u00e8re \u00e9cologique. Ces sessions de d\u00e9gustations seront pour vous l&rsquo;occasion d&rsquo;apprendre sur les vins, sur les vignerons et la viticulture responsable,&nbsp; sur l&rsquo;art et les \u00e9motions &hellip; <\/p>\n<p class=\"link-more\"><a href=\"https:\/\/eaudevigne.com\/wordpress\/\" class=\"more-link\">Continuer la lecture<span class=\"screen-reader-text\"> de &laquo;&nbsp;VENI VIDI VITIS&nbsp;&raquo;<\/span><\/a><\/p>\n","protected":false},"author":1,"featured_media":3358,"parent":0,"menu_order":0,"comment_status":"closed","ping_status":"closed","template":"","meta":{"footnotes":""},"class_list":["post-128","page","type-page","status-publish","has-post-thumbnail","hentry"],"_links":{"self":[{"href":"https:\/\/eaudevigne.com\/wordpress\/wp-json\/wp\/v2\/pages\/128","targetHints":{"allow":["GET"]}}],"collection":[{"href":"https:\/\/eaudevigne.com\/wordpress\/wp-json\/wp\/v2\/pages"}],"about":[{"href":"https:\/\/eaudevigne.com\/wordpress\/wp-json\/wp\/v2\/types\/page"}],"author":[{"embeddable":true,"href":"https:\/\/eaudevigne.com\/wordpress\/wp-json\/wp\/v2\/users\/1"}],"replies":[{"embeddable":true,"href":"https:\/\/eaudevigne.com\/wordpress\/wp-json\/wp\/v2\/comments?post=128"}],"version-history":[{"count":0,"href":"https:\/\/eaudevigne.com\/wordpress\/wp-json\/wp\/v2\/pages\/128\/revisions"}],"wp:featuredmedia":[{"embeddable":true,"href":"https:\/\/eaudevigne.com\/wordpress\/wp-json\/wp\/v2\/media\/3358"}],"wp:attachment":[{"href":"https:\/\/eaudevigne.com\/wordpress\/wp-json\/wp\/v2\/media?parent=128"}],"curies":[{"name":"wp","href":"https:\/\/api.w.org\/{rel}","templated":true}]}}