{"id":11,"date":"2017-05-19T10:21:43","date_gmt":"2017-05-19T08:21:43","guid":{"rendered":"http:\/\/eaudevigne.com\/wordpress\/?page_id=11"},"modified":"2019-03-26T07:16:09","modified_gmt":"2019-03-26T06:16:09","slug":"une-section-de-page-daccueil","status":"publish","type":"page","link":"https:\/\/eaudevigne.com\/wordpress\/une-section-de-page-daccueil\/","title":{"rendered":"Manifeste"},"content":{"rendered":"<p><span id=\"p0\">On r\u00e9unit sous la notion de produits phytosanitaires les insecticides, fongicides, herbicides et <span id=\"17\">parasiticides<\/span>, produits utilis\u00e9s en agriculture conventionnelle et s&rsquo;attaquant \u00e0 tout ce qui vit.<\/span><\/p>\n<p><span id=\"p1\">Avec la progression des sciences et les avanc\u00e9es des laboratoires, l&rsquo;impact des pesticides sur le monde vivant s&rsquo;est intensifi\u00e9 :<\/span><span id=\"p2\"> savez-vous qu&rsquo;un seul gramme de la substance active d&rsquo;un pesticide suffit pour rendre impropre \u00e0 la consommation 10.000 m3, soit l&rsquo;\u00e9quivalent de 3 piscines olympiques, soit la consommation de 50 foyers de 4 personnes pendant un an ?<\/span><span id=\"p3\"> Ou capable de polluer un ruisseau d&rsquo;1 m\u00e8tre de large et 1 m\u00e8tre de profondeur sur 10 km ?<\/span><\/p>\n<p><span id=\"p4\">Il est int\u00e9ressant de revenir un peu en arri\u00e8re :<\/span><span id=\"p24\"> avant la deuxi\u00e8me guerre mondiale, les mara\u00eechers de Paris arrivaient \u00e0 alimenter la totalit\u00e9 de l\u2019agglom\u00e9ration parisienne en utilisant des techniques bien \u00e9loign\u00e9es de la production intensive, techniques qu&rsquo;on appelle aujourd&rsquo;hui permaculture.<\/span><span id=\"p6\"> En 1950, les agriculteurs n&rsquo;appliquaient pas de pesticides sur les bl\u00e9s en Europe, les fongicides n&rsquo;\u00e9taient pas utilis\u00e9s.<\/span><\/p>\n<p><span id=\"p7\">Le vin est un des rares produits alimentaires sur lequel il n&rsquo;est pas obligatoire de pr\u00e9senter les \u00e9l\u00e9ments entrant dans sa constitution.<\/span><span id=\"p8\"> <span id=\"22\" class=\"s-rg\">eau<\/span> de vigne comme beaucoup, s&rsquo;interroge sur le syst\u00e8me d&rsquo;agriculture intensive dans lequel nos pays sont bien install\u00e9s :<\/span><span id=\"p26\"> avec l&rsquo;usage des produits chimiques, la vie microbiologique pr\u00e9sente dans les sols est-elle agress\u00e9e ?<\/span><span id=\"p27\"> Celle-ci est elle n\u00e9cessaire \u00e0 la vie des plantes ?<\/span><span id=\"p25\"> Les objectifs de hauts rendements sont ils compatibles avec une agriculture durable ?<\/span><\/p>\n<p><span id=\"p13\">Avec les travaux des chercheurs en microbiologie des sols, on d\u00e9montre aujourd&rsquo;hui que les cycles successifs d&rsquo;ajouts d&rsquo;engrais et de produits phytosanitaires <span id=\"p12\">(qui stimulent et prot\u00e8gent les plantes et au passage d&rsquo;autres organismes jug\u00e9s ind\u00e9sirables)<\/span> a pour cons\u00e9quence sur les ann\u00e9es et les d\u00e9cennies d\u2019appauvrir les sols et donc d&rsquo;affaiblir le milieu naturel dans lequel les plantes \u00e9voluent.<\/span><\/p>\n<p><span id=\"p14\">La solution que nous utilisons pour augmenter les rendements et g\u00e9rer les probl\u00e8mes visibles associ\u00e9s est la cause de la d\u00e9gradation globale de notre outil de production sur le long terme.<\/span><span id=\"p15\"> Pour mieux le comprendre, voici un sch\u00e9ma illustrant les forces contraires en action.<\/span><span id=\"p28\"> Il faut souvent des ann\u00e9es pour arriver \u00e0 comprendre le syst\u00e8me global, avec l&rsquo;ensemble des forces en pr\u00e9sence dont certaines entra\u00eenent son effondrement.<\/span><\/p>\n<p>&nbsp;<\/p>\n<p>&nbsp;<\/p>\n<p><img loading=\"lazy\" decoding=\"async\" class=\" wp-image-84 aligncenter\" src=\"http:\/\/eaudevigne.com\/wordpress\/wp-content\/uploads\/2017\/05\/anti-symptome-300x262.jpg\" alt=\"\" width=\"387\" height=\"338\" srcset=\"https:\/\/eaudevigne.com\/wordpress\/wp-content\/uploads\/2017\/05\/anti-symptome-300x262.jpg 300w, https:\/\/eaudevigne.com\/wordpress\/wp-content\/uploads\/2017\/05\/anti-symptome-768x671.jpg 768w, https:\/\/eaudevigne.com\/wordpress\/wp-content\/uploads\/2017\/05\/anti-symptome.jpg 953w\" sizes=\"auto, (max-width: 387px) 100vw, 387px\" \/><\/p>\n<p><span id=\"p35\">En 70 ans, les sols de notre plan\u00e8te se sont appauvris, <span id=\"48\">tass\u00e9s<\/span>, <span id=\"49\">ab\u00eem\u00e9s<\/span> par les pratiques de l&rsquo;agriculture conventionnelle, et il faudra autant de temps pour les r\u00e9g\u00e9n\u00e9rer.<\/span><\/p>\n<p><span id=\"p36\">Claude et Lydia Bourguignon experts mondialement reconnus en microbiologie des sols le disent sans ombrage, l&rsquo;agriculture intensive est un \u00e9chec, il faut se rendre \u00e0 l&rsquo;\u00e9vidence.<\/span><span id=\"p56\"> Pour avoir une plante seine, l&rsquo;agriculteur et le viticulteur doivent comprendre qu&rsquo;il leur faut r\u00e9apprendre \u00e0 travailler avec le sol, pour le rendre plus fort, plus vivant et donner \u00e0 ses plantes toute l\u2019\u00e9nergie qui leur est n\u00e9cessaire pour lutter contre les agressions.<\/span><\/p>\n<p><span id=\"p38\">C&rsquo;est un changement de paradigme n\u00e9cessaire auquel <span id=\"51\" class=\"s-ve\">est<\/span> confront\u00e9 le monde agricole moderne et les consommateurs.<\/span><\/p>\n<p><span id=\"p39\">La conversion vers une agriculture durable n\u00e9cessite un retour \u00e0 la terre, \u00e0 l&rsquo;\u00e9coute de la biodiversit\u00e9, \u00e0 la fois plus exigeant et plus valorisant, plus contraignant, mais \u00e9galement donnant plus de sens au fruit de son travail.<\/span><\/p>\n<p><span id=\"p40\"><span id=\"53\" class=\"s-rg\">Chez eau<\/span> de vigne, on aime le bon vin.<\/span><span id=\"p41\"> Et on l&rsquo;aime encore plus lorsqu\u2019il est r\u00e9alis\u00e9 dans une approche durable.<\/span><span id=\"p42\"> <span id=\"54\" class=\"s-rg\">eau<\/span> de vigne a fait le choix de supporter ces vignerons toujours courageux, parfois visionnaires, et aux talents incroyables.<\/span><span id=\"p43\"> Ils ont besoin de vous au travers de votre confiance et de vos achats, consommateurs, pour montrer au march\u00e9 que vous avez compris la vraie valeur de leur travail.<\/span><\/p>\n<p><span id=\"p44\">La bonne nouvelle, c&rsquo;est que de nombreux vignerons engag\u00e9s produisent des vins splendides, passionnants, diff\u00e9rents, g\u00e9n\u00e9reux, puissants, vivants, et que vous allez pouvoir les go\u00fbter pour vous en rendre compte.<\/span><span id=\"p45\"> Est-ce si \u00e9tonnant ?<\/span><span id=\"p46\"> <span id=\"55\" class=\"s-bl\">Pas vraiment<\/span>, le vin est un produit r\u00e9alis\u00e9 part le processus simple de la fermentation alcoolique des jus de raisin.<\/span><span id=\"p47\"> Avec des vignes renforc\u00e9es, des rendements contr\u00f4l\u00e9s, des raisins sains r\u00e9colt\u00e9s \u00e0 maturit\u00e9, et un peu de savoir faire, les fondamentaux sont l\u00e0 pour r\u00e9aliser un excellent mo\u00fbt qui sera la base du vin.<\/span><\/p>\n<p>&nbsp;<\/p>\n<p>&nbsp;<\/p>\n<p>&nbsp;<\/p>\n<p>Pour approfondir, quelques vid\u00e9os plus ou moins techniques pr\u00e9sentant tr\u00e8s clairement la nature du probl\u00e8me gigantesque auquel l&rsquo;homme est confront\u00e9 et les solutions possibles.<\/p>\n<p>&nbsp;<\/p>\n<p><iframe loading=\"lazy\" title=\"Soigneurs de terres\" width=\"525\" height=\"295\" src=\"https:\/\/www.youtube.com\/embed\/nUatdF40OuY?feature=oembed\" frameborder=\"0\" allow=\"accelerometer; autoplay; clipboard-write; encrypted-media; gyroscope; picture-in-picture; web-share\" referrerpolicy=\"strict-origin-when-cross-origin\" allowfullscreen><\/iframe><\/p>\n<p><iframe loading=\"lazy\" title=\"L&#039;Histoire Du Sol ave Julie Delpy (The Soil Story in French)\" width=\"525\" height=\"295\" src=\"https:\/\/www.youtube.com\/embed\/QMrAhCYNpO8?feature=oembed\" frameborder=\"0\" allow=\"accelerometer; autoplay; clipboard-write; encrypted-media; gyroscope; picture-in-picture; web-share\" referrerpolicy=\"strict-origin-when-cross-origin\" allowfullscreen><\/iframe><\/p>\n<p>https:\/\/www.youtube.com\/watch?v=UnZS9xE4KYk<\/p>\n<p><iframe loading=\"lazy\" title=\"Introduction \u00e0 la permaculture\" width=\"525\" height=\"295\" src=\"https:\/\/www.youtube.com\/embed\/FXaD3NGRQQo?list=PLYgVyAQ6d9kkiceRF5USDg1oRimS7gCUk\" frameborder=\"0\" allow=\"accelerometer; autoplay; clipboard-write; encrypted-media; gyroscope; picture-in-picture; web-share\" referrerpolicy=\"strict-origin-when-cross-origin\" allowfullscreen><\/iframe><\/p>\n<p>Sites webs<\/p>\n<p><a href=\"http:\/\/www.lams-21.com\/artc\/LAMS\/1\/fr\/\">Site Web de Claude et Lydia Bourguignon<\/a><\/p>\n<p><a href=\"http:\/\/www.fermedubec.com\/\">La ferme du Bec Hellouin<\/a><\/p>\n<p>&nbsp;<\/p>\n","protected":false},"excerpt":{"rendered":"<p>On r\u00e9unit sous la notion de produits phytosanitaires les insecticides, fongicides, herbicides et parasiticides, produits utilis\u00e9s en agriculture conventionnelle et s&rsquo;attaquant \u00e0 tout ce qui vit. Avec la progression des sciences et les avanc\u00e9es des laboratoires, l&rsquo;impact des pesticides sur le monde vivant s&rsquo;est intensifi\u00e9 : savez-vous qu&rsquo;un seul gramme de la substance active d&rsquo;un &hellip; <\/p>\n<p class=\"link-more\"><a href=\"https:\/\/eaudevigne.com\/wordpress\/une-section-de-page-daccueil\/\" class=\"more-link\">Continuer la lecture<span class=\"screen-reader-text\"> de &laquo;&nbsp;Manifeste&nbsp;&raquo;<\/span><\/a><\/p>\n","protected":false},"author":1,"featured_media":520,"parent":0,"menu_order":0,"comment_status":"closed","ping_status":"closed","template":"","meta":{"footnotes":""},"class_list":["post-11","page","type-page","status-publish","has-post-thumbnail","hentry"],"_links":{"self":[{"href":"https:\/\/eaudevigne.com\/wordpress\/wp-json\/wp\/v2\/pages\/11","targetHints":{"allow":["GET"]}}],"collection":[{"href":"https:\/\/eaudevigne.com\/wordpress\/wp-json\/wp\/v2\/pages"}],"about":[{"href":"https:\/\/eaudevigne.com\/wordpress\/wp-json\/wp\/v2\/types\/page"}],"author":[{"embeddable":true,"href":"https:\/\/eaudevigne.com\/wordpress\/wp-json\/wp\/v2\/users\/1"}],"replies":[{"embeddable":true,"href":"https:\/\/eaudevigne.com\/wordpress\/wp-json\/wp\/v2\/comments?post=11"}],"version-history":[{"count":0,"href":"https:\/\/eaudevigne.com\/wordpress\/wp-json\/wp\/v2\/pages\/11\/revisions"}],"wp:featuredmedia":[{"embeddable":true,"href":"https:\/\/eaudevigne.com\/wordpress\/wp-json\/wp\/v2\/media\/520"}],"wp:attachment":[{"href":"https:\/\/eaudevigne.com\/wordpress\/wp-json\/wp\/v2\/media?parent=11"}],"curies":[{"name":"wp","href":"https:\/\/api.w.org\/{rel}","templated":true}]}}